{"id":23235431,"date":"2025-03-06T15:39:16","date_gmt":"2025-03-06T13:39:16","guid":{"rendered":"https:\/\/www.mycurli.com\/curli-erleben\/"},"modified":"2025-05-26T15:07:52","modified_gmt":"2025-05-26T13:07:52","slug":"curli-erleben","status":"publish","type":"page","link":"https:\/\/www.mycurli.com\/de\/curli-erleben\/","title":{"rendered":"curli erleben"},"content":{"rendered":"<p>[et_pb_section fb_built=&#8220;1&#8243; custom_padding_last_edited=&#8220;off|desktop&#8220; admin_label=&#8220;Overlay Buttons Events&#8220; module_id=&#8220;section-overlay-buttons&#8220; _builder_version=&#8220;4.21.0&#8243; _module_preset=&#8220;default&#8220; custom_padding=&#8220;0px||0px||false|false&#8220; custom_css_main_element=&#8220;padding:0&#8243; locked=&#8220;off&#8220; collapsed=&#8220;on&#8220; global_colors_info=&#8220;{}&#8220;][et_pb_row admin_label=&#8220;Overlay Buttons (Position)&#8220; module_id=&#8220;row-overlay-buttons&#8220; _builder_version=&#8220;4.21.0&#8243; _module_preset=&#8220;default&#8220; positioning=&#8220;fixed&#8220; position_origin_f=&#8220;bottom_right&#8220; vertical_offset=&#8220;24vh&#8220; horizontal_offset=&#8220;3vw&#8220; z_index=&#8220;999999&#8243; vertical_offset_tablet=&#8220;&#8220; vertical_offset_phone=&#8220;10vh&#8220; vertical_offset_last_edited=&#8220;on|phone&#8220; horizontal_offset_tablet=&#8220;4vw&#8220; horizontal_offset_phone=&#8220;0.2vw&#8220; horizontal_offset_last_edited=&#8220;on|phone&#8220; width=&#8220;68px&#8220; max_width=&#8220;68px&#8220; custom_padding=&#8220;0px||0px||true|false&#8220; sticky_limit_top=&#8220;section&#8220; custom_css_main_element=&#8220;width:unset;&#8220; global_colors_info=&#8220;{}&#8220;][et_pb_column type=&#8220;4_4&#8243; module_id=&#8220;column-overlay-buttons&#8220; admin_label=&#8220;Overlay Buttons&#8220; _builder_version=&#8220;4.19.5&#8243; _module_preset=&#8220;default&#8220; global_colors_info=&#8220;{}&#8220;][et_pb_text admin_label=&#8220;icon calendar&#8220; module_id=&#8220;btn-event-calendar&#8220; module_class=&#8220;curli-overlay-button&#8220; _builder_version=&#8220;4.27.4&#8243; _module_preset=&#8220;default&#8220; background_color=&#8220;gcid-46094c9d-6805-4d81-a481-b0e9ae79c862&#8243; width=&#8220;60px&#8220; width_tablet=&#8220;&#8220; width_phone=&#8220;&#8220; width_last_edited=&#8220;on|desktop&#8220; height=&#8220;60px&#8220; height_tablet=&#8220;&#8220; height_phone=&#8220;&#8220; height_last_edited=&#8220;on|phone&#8220; custom_margin=&#8220;12px|6px|12px|6px|true|true&#8220; custom_margin_tablet=&#8220;&#8220; custom_margin_phone=&#8220;&#8220; custom_margin_last_edited=&#8220;on|desktop&#8220; custom_padding_tablet=&#8220;&#8220; custom_padding_phone=&#8220;&#8220; custom_padding_last_edited=&#8220;on|phone&#8220; link_option_url_new_window=&#8220;on&#8220; border_radii=&#8220;on|50%|50%|50%|50%&#8220; saved_tabs=&#8220;all&#8220; global_colors_info=&#8220;{%22gcid-46094c9d-6805-4d81-a481-b0e9ae79c862%22:%91%22background_color%22%93}&#8220;]<\/p>\n<p><i class=\"curli-glyphs icon-calendar\"><\/i><\/p>\n<p>[\/et_pb_text][et_pb_text admin_label=&#8220;icon map&#8220; module_id=&#8220;btn-event-map&#8220; module_class=&#8220;curli-overlay-button&#8220; _builder_version=&#8220;4.27.4&#8243; _module_preset=&#8220;default&#8220; background_color=&#8220;gcid-46094c9d-6805-4d81-a481-b0e9ae79c862&#8243; width=&#8220;60px&#8220; height=&#8220;60px&#8220; custom_margin=&#8220;12px|6px|12px|6px|true|true&#8220; border_radii=&#8220;on|50%|50%|50%|50%&#8220; saved_tabs=&#8220;all&#8220; global_colors_info=&#8220;{%22gcid-46094c9d-6805-4d81-a481-b0e9ae79c862%22:%91%22background_color%22%93}&#8220;]<i class=\"curli-glyphs icon-map\"><\/i>[\/et_pb_text][\/et_pb_column][\/et_pb_row][\/et_pb_section][et_pb_section fb_built=&#8220;1&#8243; admin_label=&#8220;Section Header Bild Hintergrund&#8220; module_class=&#8220;curli-scroll-snap-section&#8220; _builder_version=&#8220;4.27.4&#8243; _module_preset=&#8220;default&#8220; background_image=&#8220;https:\/\/www.mycurli.com\/wp-content\/uploads\/2025\/03\/Images_Online-Veranstaltungskalender-web.jpg&#8220; height=&#8220;70vh&#8220; custom_margin=&#8220;||||false|false&#8220; locked=&#8220;off&#8220; collapsed=&#8220;on&#8220; global_colors_info=&#8220;{}&#8220;][et_pb_row _builder_version=&#8220;4.21.0&#8243; _module_preset=&#8220;default&#8220; global_colors_info=&#8220;{}&#8220;][et_pb_column type=&#8220;4_4&#8243; _builder_version=&#8220;4.21.0&#8243; _module_preset=&#8220;default&#8220; global_colors_info=&#8220;{}&#8220;][et_pb_text admin_label=&#8220;Titel&#8220; _builder_version=&#8220;4.27.4&#8243; _module_preset=&#8220;default&#8220; text_text_color=&#8220;#FFFFFF&#8220; text_font_size=&#8220;32px&#8220; global_colors_info=&#8220;{}&#8220;]<\/p>\n<p>curli Kalender<\/p>\n<p>[\/et_pb_text][\/et_pb_column][\/et_pb_row][et_pb_row _builder_version=&#8220;4.21.0&#8243; _module_preset=&#8220;default&#8220; positioning=&#8220;absolute&#8220; position_origin_a=&#8220;bottom_center&#8220; vertical_offset=&#8220;-26px&#8220; z_index=&#8220;1&#8243; custom_margin=&#8220;0px||0px||true|false&#8220; custom_padding=&#8220;0px||0px||true|false&#8220; global_colors_info=&#8220;{}&#8220;][et_pb_column type=&#8220;4_4&#8243; _builder_version=&#8220;4.21.0&#8243; _module_preset=&#8220;default&#8220; global_colors_info=&#8220;{}&#8220;][et_pb_code admin_label=&#8220;icon arrow down weiss rund&#8220; _builder_version=&#8220;4.21.0&#8243; _module_preset=&#8220;default&#8220; background_color=&#8220;#FFFFFF&#8220; width=&#8220;52px&#8220; module_alignment=&#8220;center&#8220; height=&#8220;52px&#8220; custom_margin=&#8220;||||false|false&#8220; custom_padding=&#8220;||||false|false&#8220; link_option_url=&#8220;#headline&#8220; custom_css_main_element=&#8220;display:flex;||align-items:center;||justify-content:center;||font-size:32px;&#8220; border_radii=&#8220;on|50%|50%|50%|50%&#8220; locked=&#8220;off&#8220; global_colors_info=&#8220;{}&#8220;]<i class=\"curli-glyphs icon-arrow_carrot-down\"><\/i>[\/et_pb_code][\/et_pb_column][\/et_pb_row][\/et_pb_section][et_pb_section fb_built=&#8220;1&#8243; admin_label=&#8220;Section Spitzmarke + Headline&#8220; module_class=&#8220;curli-scroll-snap-section&#8220; _builder_version=&#8220;4.23&#8243; _module_preset=&#8220;default&#8220; custom_margin=&#8220;||0px||false|false&#8220; custom_padding=&#8220;10px||0px||false|false&#8220; locked=&#8220;off&#8220; collapsed=&#8220;on&#8220; global_colors_info=&#8220;{}&#8220;][et_pb_row admin_label=&#8220;Row \u2013 Headline mit Sprungmarke&#8220; _builder_version=&#8220;4.21.0&#8243; _module_preset=&#8220;default&#8220; custom_margin=&#8220;||0px||false|false&#8220; custom_padding=&#8220;||0px||false|false&#8220; global_colors_info=&#8220;{}&#8220;][et_pb_column type=&#8220;4_4&#8243; _builder_version=&#8220;4.21.0&#8243; _module_preset=&#8220;default&#8220; global_colors_info=&#8220;{}&#8220;][et_pb_text admin_label=&#8220;Spitzmarke \u2013 curli EVENTS&#8220; _builder_version=&#8220;4.27.4&#8243; _module_preset=&#8220;default&#8220; text_font=&#8220;||||||||&#8220; text_text_color=&#8220;gcid-82db9916-eee9-4861-b5d4-839ce08ece2e&#8220; locked=&#8220;off&#8220; global_colors_info=&#8220;{%22gcid-82db9916-eee9-4861-b5d4-839ce08ece2e%22:%91%22text_text_color%22%93}&#8220;]<\/p>\n<p>curli EVENTS<\/p>\n<p>[\/et_pb_text][et_pb_text admin_label=&#8220;Headline \u2013 Where to experience curli&#8220; module_id=&#8220;headline&#8220; _builder_version=&#8220;4.27.4&#8243; _module_preset=&#8220;default&#8220; custom_margin=&#8220;||24px||false|false&#8220; global_colors_info=&#8220;{}&#8220;]<\/p>\n<h1>Erlebe curli<\/h1>\n<p>[\/et_pb_text][et_pb_text _builder_version=&#8220;4.27.4&#8243; _module_preset=&#8220;default&#8220; custom_margin=&#8220;||48px||false|false&#8220; global_colors_info=&#8220;{}&#8220;]<\/p>\n<p>SHOWS UND EVENTS IN DER N\u00c4HE<\/p>\n<p>[\/et_pb_text][et_pb_text _builder_version=&#8220;4.27.4&#8243; _module_preset=&#8220;default&#8220; global_colors_info=&#8220;{}&#8220;]<\/p>\n<p>curli wird auf zahlreichen Veranstaltungen auf der ganzen Welt pr\u00e4sentiert.<br \/>Hier sind alle Ausstellungen, Shop-Neuer\u00f6ffnungen zusammengefasst:<\/p>\n<p>[\/et_pb_text][\/et_pb_column][\/et_pb_row][\/et_pb_section][et_pb_section fb_built=&#8220;1&#8243; admin_label=&#8220;Section Events&#8220; _builder_version=&#8220;4.23&#8243; _module_preset=&#8220;default&#8220; locked=&#8220;off&#8220; collapsed=&#8220;off&#8220; global_colors_info=&#8220;{}&#8220;][et_pb_row disabled_on=&#8220;on|on|on&#8220; admin_label=&#8220;_Desktop&#8220; _builder_version=&#8220;4.27.4&#8243; _module_preset=&#8220;default&#8220; disabled=&#8220;on&#8220; global_colors_info=&#8220;{}&#8220;][et_pb_column type=&#8220;4_4&#8243; _builder_version=&#8220;4.27.4&#8243; _module_preset=&#8220;default&#8220; global_colors_info=&#8220;{}&#8220;][et_pb_code disabled_on=&#8220;off|off|off&#8220; admin_label=&#8220;Karte&#8220; _builder_version=&#8220;4.27.4&#8243; _module_preset=&#8220;default&#8220; global_colors_info=&#8220;{}&#8220;]<div id=\"curli-events-map\" data-type=\"map\"><\/div><div id=\"curli-events-search\" class=\"et_pb_search\"><form id=\"curli-events-user-location\" class=\"et_pb_searchform\" action=\"#\"><div><i class=\"curli-glyphs icon-glass\"><\/i><input type=\"search\" id=\"address\" name=\"address\" class=\"et_pb_s\" placeholder=\"Place | Where are you searching?\"><\/div><\/form><\/div><div id=\"curli-events\"><\/div><script>const accessTypes = [];const eventTypes = [];accessTypes[10]=\"Business only\";accessTypes[20]=\"Public\";accessTypes[30]=\"Business & Public\";eventTypes[10]=\"Show\";eventTypes[20]=\"New shop opening\";eventTypes[30]=\"Pop-Up-Shop\";eventTypes[40]=\"Brand Presentation\";eventTypes[50]=\"Shop-in-Shop\";<\/script>[\/et_pb_code][\/et_pb_column][\/et_pb_row][et_pb_row disabled_on=&#8220;off|off|off&#8220; admin_label=&#8220;_iPhone&#8220; _builder_version=&#8220;4.27.4&#8243; _module_preset=&#8220;default&#8220; global_colors_info=&#8220;{}&#8220;][et_pb_column type=&#8220;4_4&#8243; _builder_version=&#8220;4.27.4&#8243; _module_preset=&#8220;default&#8220; global_colors_info=&#8220;{}&#8220;][et_pb_code disabled_on=&#8220;off|off|off&#8220; admin_label=&#8220;_calendar&#8220; _builder_version=&#8220;4.27.4&#8243; _module_preset=&#8220;default&#8220; global_colors_info=&#8220;{}&#8220;]<div id=\"curli-events-map\" data-type=\"map\"><\/div><div id=\"curli-events-search\" class=\"et_pb_search\"><form id=\"curli-events-user-location\" class=\"et_pb_searchform\" action=\"#\"><div><i class=\"curli-glyphs icon-glass\"><\/i><input type=\"search\" id=\"address\" name=\"address\" class=\"et_pb_s\" placeholder=\"Place | Where are you searching?\"><\/div><\/form><\/div><div id=\"curli-events\"><\/div><script>const accessTypes = [];const eventTypes = [];accessTypes[10]=\"Business only\";accessTypes[20]=\"Public\";accessTypes[30]=\"Business & Public\";eventTypes[10]=\"Show\";eventTypes[20]=\"New shop opening\";eventTypes[30]=\"Pop-Up-Shop\";eventTypes[40]=\"Brand Presentation\";eventTypes[50]=\"Shop-in-Shop\";<\/script>[\/et_pb_code][\/et_pb_column][\/et_pb_row][\/et_pb_section]<\/p>\n","protected":false},"excerpt":{"rendered":"<p>curli Kalendercurli EVENTSErlebe curliSHOWS UND EVENTS IN DER N\u00c4HEcurli wird auf zahlreichen Veranstaltungen auf der ganzen Welt pr\u00e4sentiert.Hier sind alle Ausstellungen, Shop-Neuer\u00f6ffnungen zusammengefasst:<div id=\"curli-events-map\" data-type=\"map\"><\/div><div id=\"curli-events-search\" class=\"et_pb_search\"><form id=\"curli-events-user-location\" class=\"et_pb_searchform\" action=\"#\"><div><i class=\"curli-glyphs icon-glass\"><\/i><input type=\"search\" id=\"address\" name=\"address\" class=\"et_pb_s\" placeholder=\"Place | Where are you searching?\"><\/div><\/form><\/div><div id=\"curli-events\"><\/div><script>const accessTypes = [];const eventTypes = [];accessTypes[10]=\"Business only\";accessTypes[20]=\"Public\";accessTypes[30]=\"Business & Public\";eventTypes[10]=\"Show\";eventTypes[20]=\"New shop opening\";eventTypes[30]=\"Pop-Up-Shop\";eventTypes[40]=\"Brand Presentation\";eventTypes[50]=\"Shop-in-Shop\";<\/script><div id=\"curli-events-map\" data-type=\"map\"><\/div><div id=\"curli-events-search\" class=\"et_pb_search\"><form id=\"curli-events-user-location\" class=\"et_pb_searchform\" action=\"#\"><div><i class=\"curli-glyphs icon-glass\"><\/i><input type=\"search\" id=\"address\" name=\"address\" class=\"et_pb_s\" placeholder=\"Place | Where are you searching?\"><\/div><\/form><\/div><div id=\"curli-events\"><\/div><script>const accessTypes = [];const eventTypes = [];accessTypes[10]=\"Business only\";accessTypes[20]=\"Public\";accessTypes[30]=\"Business & Public\";eventTypes[10]=\"Show\";eventTypes[20]=\"New shop opening\";eventTypes[30]=\"Pop-Up-Shop\";eventTypes[40]=\"Brand Presentation\";eventTypes[50]=\"Shop-in-Shop\";<\/script><\/p>\n","protected":false},"author":1,"featured_media":0,"parent":0,"menu_order":0,"comment_status":"closed","ping_status":"closed","template":"","meta":{"_acf_changed":false,"_et_pb_use_builder":"on","_et_pb_old_content":"","_et_gb_content_width":"","footnotes":""},"class_list":["post-23235431","page","type-page","status-publish","hentry"],"acf":[],"yoast_head":"<!-- This site is optimized with the Yoast SEO plugin v24.6 - https:\/\/yoast.com\/wordpress\/plugins\/seo\/ -->\n<title>curli erleben - curli<\/title>\n<meta name=\"description\" content=\"curli Events in der N\u00e4he finden. High-performance Hundegeschirre und Leinen entdecken.\" \/>\n<meta name=\"robots\" content=\"index, follow, max-snippet:-1, max-image-preview:large, max-video-preview:-1\" \/>\n<link rel=\"canonical\" href=\"https:\/\/www.mycurli.com\/de\/curli-erleben\/\" \/>\n<meta property=\"og:locale\" content=\"de_DE\" \/>\n<meta property=\"og:type\" content=\"article\" \/>\n<meta property=\"og:title\" content=\"curli erleben - curli\" \/>\n<meta property=\"og:description\" content=\"curli Events in der N\u00e4he finden. High-performance Hundegeschirre und Leinen entdecken.\" \/>\n<meta property=\"og:url\" content=\"https:\/\/www.mycurli.com\/de\/curli-erleben\/\" \/>\n<meta property=\"og:site_name\" content=\"curli\" \/>\n<meta property=\"article:publisher\" content=\"https:\/\/www.facebook.com\/mycurli\" \/>\n<meta property=\"article:modified_time\" content=\"2025-05-26T13:07:52+00:00\" \/>\n<meta name=\"twitter:card\" content=\"summary_large_image\" \/>\n<meta name=\"twitter:site\" content=\"@mycurli\" \/>\n<meta name=\"twitter:label1\" content=\"Gesch\u00e4tzte Lesezeit\" \/>\n\t<meta name=\"twitter:data1\" content=\"5\u00a0Minuten\" \/>\n<script type=\"application\/ld+json\" class=\"yoast-schema-graph\">{\"@context\":\"https:\/\/schema.org\",\"@graph\":[{\"@type\":\"WebPage\",\"@id\":\"https:\/\/www.mycurli.com\/de\/curli-erleben\/\",\"url\":\"https:\/\/www.mycurli.com\/de\/curli-erleben\/\",\"name\":\"curli erleben - curli\",\"isPartOf\":{\"@id\":\"https:\/\/www.mycurli.com\/de\/#website\"},\"datePublished\":\"2025-03-06T13:39:16+00:00\",\"dateModified\":\"2025-05-26T13:07:52+00:00\",\"description\":\"curli Events in der N\u00e4he finden. High-performance Hundegeschirre und Leinen entdecken.\",\"breadcrumb\":{\"@id\":\"https:\/\/www.mycurli.com\/de\/curli-erleben\/#breadcrumb\"},\"inLanguage\":\"de\",\"potentialAction\":[{\"@type\":\"ReadAction\",\"target\":[\"https:\/\/www.mycurli.com\/de\/curli-erleben\/\"]}]},{\"@type\":\"BreadcrumbList\",\"@id\":\"https:\/\/www.mycurli.com\/de\/curli-erleben\/#breadcrumb\",\"itemListElement\":[{\"@type\":\"ListItem\",\"position\":1,\"name\":\"Home\",\"item\":\"https:\/\/www.mycurli.com\/de\/\"},{\"@type\":\"ListItem\",\"position\":2,\"name\":\"curli erleben\"}]},{\"@type\":\"WebSite\",\"@id\":\"https:\/\/www.mycurli.com\/de\/#website\",\"url\":\"https:\/\/www.mycurli.com\/de\/\",\"name\":\"curli\",\"description\":\"The Harness specialist from Switzerland\",\"potentialAction\":[{\"@type\":\"SearchAction\",\"target\":{\"@type\":\"EntryPoint\",\"urlTemplate\":\"https:\/\/www.mycurli.com\/de\/?s={search_term_string}\"},\"query-input\":{\"@type\":\"PropertyValueSpecification\",\"valueRequired\":true,\"valueName\":\"search_term_string\"}}],\"inLanguage\":\"de\"}]}<\/script>\n<!-- \/ Yoast SEO plugin. -->","yoast_head_json":{"title":"curli erleben - curli","description":"curli Events in der N\u00e4he finden. High-performance Hundegeschirre und Leinen entdecken.","robots":{"index":"index","follow":"follow","max-snippet":"max-snippet:-1","max-image-preview":"max-image-preview:large","max-video-preview":"max-video-preview:-1"},"canonical":"https:\/\/www.mycurli.com\/de\/curli-erleben\/","og_locale":"de_DE","og_type":"article","og_title":"curli erleben - curli","og_description":"curli Events in der N\u00e4he finden. High-performance Hundegeschirre und Leinen entdecken.","og_url":"https:\/\/www.mycurli.com\/de\/curli-erleben\/","og_site_name":"curli","article_publisher":"https:\/\/www.facebook.com\/mycurli","article_modified_time":"2025-05-26T13:07:52+00:00","twitter_card":"summary_large_image","twitter_site":"@mycurli","twitter_misc":{"Gesch\u00e4tzte Lesezeit":"5\u00a0Minuten"},"schema":{"@context":"https:\/\/schema.org","@graph":[{"@type":"WebPage","@id":"https:\/\/www.mycurli.com\/de\/curli-erleben\/","url":"https:\/\/www.mycurli.com\/de\/curli-erleben\/","name":"curli erleben - curli","isPartOf":{"@id":"https:\/\/www.mycurli.com\/de\/#website"},"datePublished":"2025-03-06T13:39:16+00:00","dateModified":"2025-05-26T13:07:52+00:00","description":"curli Events in der N\u00e4he finden. High-performance Hundegeschirre und Leinen entdecken.","breadcrumb":{"@id":"https:\/\/www.mycurli.com\/de\/curli-erleben\/#breadcrumb"},"inLanguage":"de","potentialAction":[{"@type":"ReadAction","target":["https:\/\/www.mycurli.com\/de\/curli-erleben\/"]}]},{"@type":"BreadcrumbList","@id":"https:\/\/www.mycurli.com\/de\/curli-erleben\/#breadcrumb","itemListElement":[{"@type":"ListItem","position":1,"name":"Home","item":"https:\/\/www.mycurli.com\/de\/"},{"@type":"ListItem","position":2,"name":"curli erleben"}]},{"@type":"WebSite","@id":"https:\/\/www.mycurli.com\/de\/#website","url":"https:\/\/www.mycurli.com\/de\/","name":"curli","description":"The Harness specialist from Switzerland","potentialAction":[{"@type":"SearchAction","target":{"@type":"EntryPoint","urlTemplate":"https:\/\/www.mycurli.com\/de\/?s={search_term_string}"},"query-input":{"@type":"PropertyValueSpecification","valueRequired":true,"valueName":"search_term_string"}}],"inLanguage":"de"}]}},"_links":{"self":[{"href":"https:\/\/www.mycurli.com\/de\/wp-json\/wp\/v2\/pages\/23235431","targetHints":{"allow":["GET"]}}],"collection":[{"href":"https:\/\/www.mycurli.com\/de\/wp-json\/wp\/v2\/pages"}],"about":[{"href":"https:\/\/www.mycurli.com\/de\/wp-json\/wp\/v2\/types\/page"}],"author":[{"embeddable":true,"href":"https:\/\/www.mycurli.com\/de\/wp-json\/wp\/v2\/users\/1"}],"replies":[{"embeddable":true,"href":"https:\/\/www.mycurli.com\/de\/wp-json\/wp\/v2\/comments?post=23235431"}],"version-history":[{"count":22,"href":"https:\/\/www.mycurli.com\/de\/wp-json\/wp\/v2\/pages\/23235431\/revisions"}],"predecessor-version":[{"id":23235730,"href":"https:\/\/www.mycurli.com\/de\/wp-json\/wp\/v2\/pages\/23235431\/revisions\/23235730"}],"wp:attachment":[{"href":"https:\/\/www.mycurli.com\/de\/wp-json\/wp\/v2\/media?parent=23235431"}],"curies":[{"name":"wp","href":"https:\/\/api.w.org\/{rel}","templated":true}]}}