{"id":23234435,"date":"2024-04-26T13:32:30","date_gmt":"2024-04-26T11:32:30","guid":{"rendered":"https:\/\/www.mycurli.com\/sizing\/"},"modified":"2024-08-15T08:31:01","modified_gmt":"2024-08-15T06:31:01","slug":"sizing","status":"publish","type":"page","link":"https:\/\/www.mycurli.com\/de\/sizing\/","title":{"rendered":"Sizing"},"content":{"rendered":"<p>[et_pb_section fb_built=&#8220;1&#8243; admin_label=&#8220;Section Header Bild Hintergrund&#8220; _builder_version=&#8220;4.23&#8243; _module_preset=&#8220;default&#8220; background_image=&#8220;https:\/\/www.mycurli.com\/wp-content\/uploads\/2023\/08\/curli-Dog-Leash-stretch-comfort-leash-usage-example-small-dog.jpg&#8220; height=&#8220;70vh&#8220; custom_margin=&#8220;||||false|false&#8220; collapsed=&#8220;off&#8220; global_colors_info=&#8220;{}&#8220;][et_pb_row _builder_version=&#8220;4.21.0&#8243; _module_preset=&#8220;default&#8220; global_colors_info=&#8220;{}&#8220;][et_pb_column type=&#8220;4_4&#8243; _builder_version=&#8220;4.21.0&#8243; _module_preset=&#8220;default&#8220; global_colors_info=&#8220;{}&#8220;][et_pb_text admin_label=&#8220;Titel&#8220; _builder_version=&#8220;4.21.0&#8243; _module_preset=&#8220;default&#8220; text_text_color=&#8220;#FFFFFF&#8220; text_font_size=&#8220;32px&#8220; global_colors_info=&#8220;{}&#8220;][\/et_pb_text][\/et_pb_column][\/et_pb_row][et_pb_row _builder_version=&#8220;4.21.0&#8243; _module_preset=&#8220;default&#8220; positioning=&#8220;absolute&#8220; position_origin_a=&#8220;bottom_center&#8220; vertical_offset=&#8220;-26px&#8220; z_index=&#8220;1&#8243; custom_margin=&#8220;0px||0px||true|false&#8220; custom_padding=&#8220;0px||0px||true|false&#8220; global_colors_info=&#8220;{}&#8220;][et_pb_column type=&#8220;4_4&#8243; _builder_version=&#8220;4.21.0&#8243; _module_preset=&#8220;default&#8220; global_colors_info=&#8220;{}&#8220;][et_pb_code admin_label=&#8220;icon arrow down weiss rund&#8220; _builder_version=&#8220;4.21.0&#8243; _module_preset=&#8220;default&#8220; background_color=&#8220;#FFFFFF&#8220; width=&#8220;52px&#8220; module_alignment=&#8220;center&#8220; height=&#8220;52px&#8220; custom_margin=&#8220;||||false|false&#8220; custom_padding=&#8220;||||false|false&#8220; link_option_url=&#8220;#headline&#8220; custom_css_main_element=&#8220;display:flex;||align-items:center;||justify-content:center;||font-size:32px;&#8220; border_radii=&#8220;on|50%|50%|50%|50%&#8220; locked=&#8220;off&#8220; global_colors_info=&#8220;{}&#8220;]<i class=\"curli-glyphs icon-arrow_carrot-down\"><\/i>[\/et_pb_code][\/et_pb_column][\/et_pb_row][\/et_pb_section][et_pb_section fb_built=&#8220;1&#8243; _builder_version=&#8220;4.21.0&#8243; _module_preset=&#8220;default&#8220; custom_margin=&#8220;||||false|false&#8220; custom_padding=&#8220;10px||0px||false|false&#8220; collapsed=&#8220;off&#8220; global_colors_info=&#8220;{}&#8220;][et_pb_row _builder_version=&#8220;4.20.0&#8243; _module_preset=&#8220;default&#8220; global_colors_info=&#8220;{}&#8220;][et_pb_column type=&#8220;4_4&#8243; _builder_version=&#8220;4.20.0&#8243; _module_preset=&#8220;default&#8220; global_colors_info=&#8220;{}&#8220;][et_pb_text _builder_version=&#8220;4.24.2&#8243; _module_preset=&#8220;default&#8220; text_font=&#8220;||||||||&#8220; text_text_color=&#8220;gcid-82db9916-eee9-4861-b5d4-839ce08ece2e&#8220; locked=&#8220;off&#8220; global_colors_info=&#8220;{%22gcid-82db9916-eee9-4861-b5d4-839ce08ece2e%22:%91%22text_text_color%22%93}&#8220;]<\/p>\n<p>curli Toolbox<\/p>\n<p>[\/et_pb_text][et_pb_text module_id=&#8220;headline&#8220; _builder_version=&#8220;4.24.2&#8243; _module_preset=&#8220;default&#8220; global_colors_info=&#8220;{}&#8220;]<\/p>\n<h1>curli Harness Sizing<\/h1>\n<p>[\/et_pb_text][et_pb_text module_id=&#8220;headline&#8220; _builder_version=&#8220;4.24.2&#8243; _module_preset=&#8220;default&#8220; header_2_text_color=&#8220;#999999&#8243; header_2_font_size=&#8220;18px&#8220; global_colors_info=&#8220;{}&#8220;]<\/p>\n<h2>Ganz einfach herausfinden, welches Geschirr am besten passt<\/h2>\n<p>[\/et_pb_text][\/et_pb_column][\/et_pb_row][\/et_pb_section][et_pb_section fb_built=&#8220;1&#8243; _builder_version=&#8220;4.21.0&#8243; _module_preset=&#8220;default&#8220; custom_margin=&#8220;0px||||false|false&#8220; custom_padding=&#8220;0px||||false|false&#8220; collapsed=&#8220;off&#8220; global_colors_info=&#8220;{}&#8220;][et_pb_row _builder_version=&#8220;4.24.2&#8243; _module_preset=&#8220;default&#8220; global_colors_info=&#8220;{}&#8220;][et_pb_column type=&#8220;4_4&#8243; _builder_version=&#8220;4.20.0&#8243; _module_preset=&#8220;default&#8220; global_colors_info=&#8220;{}&#8220;][et_pb_text _builder_version=&#8220;4.24.2&#8243; _module_preset=&#8220;default&#8220; global_colors_info=&#8220;{}&#8220;]<\/p>\n<p><span style=\"color: #00b1eb;\">DIE RICHTIGE HUNDEGESCHIRR-GR\u00d6SSE BESTIMMEN<\/span><\/p>\n<p>Alle curli Hundegeschirre sind so konzipiert, dass sie einen perfekten Sitz, Sicherheit und gleichzeitig maximale Bewegungsfreiheit bieten. Es ist sehr wichtig, die richtige Gr\u00f6\u00dfe des Geschirrs f\u00fcr den Hund zu bestimmen. <\/p>\n<p>Aber keine Sorge &#8211; mit curli ist es einfach, die richtige Geschirrgr\u00f6sse zu finden.<\/p>\n<p>Um die richtige Gr\u00f6\u00dfe des Geschirrs zu ermitteln, muss der Brustumfang des Hundes am Widerrist ge messen werden, d. h. an der breitesten Stelle der Brust Ihres Hundes. Bei einigen Geschirren muss der Kopfumfang des Hundes ebenfalls gemessen werden.<\/p>\n<p>Die curli Gr\u00f6ssentabellen enthalten alle Informationen, die ben\u00f6tigt werden, um die richtige Geschirrgr\u00f6sse zu finden. <\/p>\n<p>[\/et_pb_text][\/et_pb_column][\/et_pb_row][et_pb_row column_structure=&#8220;1_3,1_3,1_3&#8243; _builder_version=&#8220;4.24.2&#8243; _module_preset=&#8220;default&#8220; global_colors_info=&#8220;{}&#8220;][et_pb_column type=&#8220;1_3&#8243; _builder_version=&#8220;4.20.0&#8243; _module_preset=&#8220;default&#8220; global_colors_info=&#8220;{}&#8220;][et_pb_image src=&#8220;https:\/\/www.mycurli.com\/wp-content\/uploads\/2024\/08\/Icons-Download-curli-Size-Charts.jpg&#8220; title_text=&#8220;Icons Download curli Size Charts&#8220; url=&#8220;@ET-DC@eyJkeW5hbWljIjp0cnVlLCJjb250ZW50IjoicG9zdF9saW5rX3VybF9hdHRhY2htZW50Iiwic2V0dGluZ3MiOnsicG9zdF9pZCI6IjIzMjM0NDI4In19@&#8220; _builder_version=&#8220;4.24.2&#8243; _dynamic_attributes=&#8220;url&#8220; _module_preset=&#8220;default&#8220; width=&#8220;80%&#8220; hover_enabled=&#8220;0&#8243; global_colors_info=&#8220;{}&#8220; url_new_window=&#8220;on&#8220; sticky_enabled=&#8220;0&#8243;][\/et_pb_image][\/et_pb_column][et_pb_column type=&#8220;1_3&#8243; _builder_version=&#8220;4.20.0&#8243; _module_preset=&#8220;default&#8220; global_colors_info=&#8220;{}&#8220;][et_pb_image src=&#8220;https:\/\/www.mycurli.com\/wp-content\/uploads\/2024\/08\/Icons-Download-curli-Size-Charts2.jpg&#8220; title_text=&#8220;Icons Download curli Size Charts2&#8243; url=&#8220;@ET-DC@eyJkeW5hbWljIjp0cnVlLCJjb250ZW50IjoicG9zdF9saW5rX3VybF9hdHRhY2htZW50Iiwic2V0dGluZ3MiOnsicG9zdF9pZCI6IjIzMjM0NDI2In19@&#8220; _builder_version=&#8220;4.24.2&#8243; _dynamic_attributes=&#8220;url&#8220; _module_preset=&#8220;default&#8220; width=&#8220;80%&#8220; hover_enabled=&#8220;0&#8243; global_colors_info=&#8220;{}&#8220; url_new_window=&#8220;on&#8220; sticky_enabled=&#8220;0&#8243;][\/et_pb_image][\/et_pb_column][et_pb_column type=&#8220;1_3&#8243; _builder_version=&#8220;4.24.2&#8243; _module_preset=&#8220;default&#8220; global_colors_info=&#8220;{}&#8220;][et_pb_image src=&#8220;https:\/\/www.mycurli.com\/wp-content\/uploads\/2024\/08\/Icons-Download-curli-Size-Charts3.jpg&#8220; title_text=&#8220;Icons Download curli Size Charts3&#8243; url=&#8220;@ET-DC@eyJkeW5hbWljIjp0cnVlLCJjb250ZW50IjoicG9zdF9saW5rX3VybF9hdHRhY2htZW50Iiwic2V0dGluZ3MiOnsicG9zdF9pZCI6IjIzMjM0NDI3In19@&#8220; _builder_version=&#8220;4.24.2&#8243; _dynamic_attributes=&#8220;url&#8220; _module_preset=&#8220;default&#8220; width=&#8220;80%&#8220; hover_enabled=&#8220;0&#8243; global_colors_info=&#8220;{}&#8220; url_new_window=&#8220;on&#8220; sticky_enabled=&#8220;0&#8243;][\/et_pb_image][\/et_pb_column][\/et_pb_row][et_pb_row _builder_version=&#8220;4.24.2&#8243; _module_preset=&#8220;default&#8220; global_colors_info=&#8220;{}&#8220;][et_pb_column type=&#8220;4_4&#8243; _builder_version=&#8220;4.20.0&#8243; _module_preset=&#8220;default&#8220; global_colors_info=&#8220;{}&#8220;][et_pb_text _builder_version=&#8220;4.24.2&#8243; _module_preset=&#8220;default&#8220; global_colors_info=&#8220;{}&#8220;]<\/p>\n<p><a href=\"https:\/\/vimeo.com\/447462818\" target=\"_blank\" rel=\"noopener\" title=\"How to measure your dog to find the right curli harness size\"><span style=\"color: #00b1eb;\">&gt;&gt; How to measure your dog-Video Tutorial<\/span><\/a><\/p>\n<p>[\/et_pb_text][\/et_pb_column][\/et_pb_row][\/et_pb_section]<\/p>\n","protected":false},"excerpt":{"rendered":"<p>curli Toolboxcurli Harness SizingGanz einfach herausfinden, welches Geschirr am besten passtDIE RICHTIGE HUNDEGESCHIRR-GR\u00d6SSE BESTIMMEN Alle curli Hundegeschirre sind so konzipiert, dass sie einen perfekten Sitz, Sicherheit und gleichzeitig maximale Bewegungsfreiheit bieten. Es ist sehr wichtig, die richtige Gr\u00f6\u00dfe des Geschirrs f\u00fcr den Hund zu bestimmen. Aber keine Sorge &#8211; mit curli ist es einfach, die [&hellip;]<\/p>\n","protected":false},"author":2,"featured_media":0,"parent":0,"menu_order":0,"comment_status":"closed","ping_status":"closed","template":"","meta":{"_acf_changed":false,"_et_pb_use_builder":"on","_et_pb_old_content":"","_et_gb_content_width":"","footnotes":""},"class_list":["post-23234435","page","type-page","status-publish","hentry"],"acf":[],"yoast_head":"<!-- This site is optimized with the Yoast SEO plugin v24.6 - https:\/\/yoast.com\/wordpress\/plugins\/seo\/ -->\n<title>Sizing - curli<\/title>\n<meta name=\"robots\" content=\"index, follow, max-snippet:-1, max-image-preview:large, max-video-preview:-1\" \/>\n<link rel=\"canonical\" href=\"https:\/\/www.mycurli.com\/de\/sizing\/\" \/>\n<meta property=\"og:locale\" content=\"de_DE\" \/>\n<meta property=\"og:type\" content=\"article\" \/>\n<meta property=\"og:title\" content=\"Sizing - curli\" \/>\n<meta property=\"og:description\" content=\"curli Toolboxcurli Harness SizingGanz einfach herausfinden, welches Geschirr am besten passtDIE RICHTIGE HUNDEGESCHIRR-GR\u00d6SSE BESTIMMEN Alle curli Hundegeschirre sind so konzipiert, dass sie einen perfekten Sitz, Sicherheit und gleichzeitig maximale Bewegungsfreiheit bieten. Es ist sehr wichtig, die richtige Gr\u00f6\u00dfe des Geschirrs f\u00fcr den Hund zu bestimmen. Aber keine Sorge - mit curli ist es einfach, die [&hellip;]\" \/>\n<meta property=\"og:url\" content=\"https:\/\/www.mycurli.com\/de\/sizing\/\" \/>\n<meta property=\"og:site_name\" content=\"curli\" \/>\n<meta property=\"article:publisher\" content=\"https:\/\/www.facebook.com\/mycurli\" \/>\n<meta property=\"article:modified_time\" content=\"2024-08-15T06:31:01+00:00\" \/>\n<meta name=\"twitter:card\" content=\"summary_large_image\" \/>\n<meta name=\"twitter:site\" content=\"@mycurli\" \/>\n<meta name=\"twitter:label1\" content=\"Gesch\u00e4tzte Lesezeit\" \/>\n\t<meta name=\"twitter:data1\" content=\"4\u00a0Minuten\" \/>\n<script type=\"application\/ld+json\" class=\"yoast-schema-graph\">{\"@context\":\"https:\/\/schema.org\",\"@graph\":[{\"@type\":\"WebPage\",\"@id\":\"https:\/\/www.mycurli.com\/de\/sizing\/\",\"url\":\"https:\/\/www.mycurli.com\/de\/sizing\/\",\"name\":\"Sizing - curli\",\"isPartOf\":{\"@id\":\"https:\/\/www.mycurli.com\/de\/#website\"},\"datePublished\":\"2024-04-26T11:32:30+00:00\",\"dateModified\":\"2024-08-15T06:31:01+00:00\",\"breadcrumb\":{\"@id\":\"https:\/\/www.mycurli.com\/de\/sizing\/#breadcrumb\"},\"inLanguage\":\"de\",\"potentialAction\":[{\"@type\":\"ReadAction\",\"target\":[\"https:\/\/www.mycurli.com\/de\/sizing\/\"]}]},{\"@type\":\"BreadcrumbList\",\"@id\":\"https:\/\/www.mycurli.com\/de\/sizing\/#breadcrumb\",\"itemListElement\":[{\"@type\":\"ListItem\",\"position\":1,\"name\":\"Home\",\"item\":\"https:\/\/www.mycurli.com\/de\/\"},{\"@type\":\"ListItem\",\"position\":2,\"name\":\"Sizing\"}]},{\"@type\":\"WebSite\",\"@id\":\"https:\/\/www.mycurli.com\/de\/#website\",\"url\":\"https:\/\/www.mycurli.com\/de\/\",\"name\":\"curli\",\"description\":\"The Harness specialist from Switzerland\",\"potentialAction\":[{\"@type\":\"SearchAction\",\"target\":{\"@type\":\"EntryPoint\",\"urlTemplate\":\"https:\/\/www.mycurli.com\/de\/?s={search_term_string}\"},\"query-input\":{\"@type\":\"PropertyValueSpecification\",\"valueRequired\":true,\"valueName\":\"search_term_string\"}}],\"inLanguage\":\"de\"}]}<\/script>\n<!-- \/ Yoast SEO plugin. -->","yoast_head_json":{"title":"Sizing - curli","robots":{"index":"index","follow":"follow","max-snippet":"max-snippet:-1","max-image-preview":"max-image-preview:large","max-video-preview":"max-video-preview:-1"},"canonical":"https:\/\/www.mycurli.com\/de\/sizing\/","og_locale":"de_DE","og_type":"article","og_title":"Sizing - curli","og_description":"curli Toolboxcurli Harness SizingGanz einfach herausfinden, welches Geschirr am besten passtDIE RICHTIGE HUNDEGESCHIRR-GR\u00d6SSE BESTIMMEN Alle curli Hundegeschirre sind so konzipiert, dass sie einen perfekten Sitz, Sicherheit und gleichzeitig maximale Bewegungsfreiheit bieten. Es ist sehr wichtig, die richtige Gr\u00f6\u00dfe des Geschirrs f\u00fcr den Hund zu bestimmen. Aber keine Sorge - mit curli ist es einfach, die [&hellip;]","og_url":"https:\/\/www.mycurli.com\/de\/sizing\/","og_site_name":"curli","article_publisher":"https:\/\/www.facebook.com\/mycurli","article_modified_time":"2024-08-15T06:31:01+00:00","twitter_card":"summary_large_image","twitter_site":"@mycurli","twitter_misc":{"Gesch\u00e4tzte Lesezeit":"4\u00a0Minuten"},"schema":{"@context":"https:\/\/schema.org","@graph":[{"@type":"WebPage","@id":"https:\/\/www.mycurli.com\/de\/sizing\/","url":"https:\/\/www.mycurli.com\/de\/sizing\/","name":"Sizing - curli","isPartOf":{"@id":"https:\/\/www.mycurli.com\/de\/#website"},"datePublished":"2024-04-26T11:32:30+00:00","dateModified":"2024-08-15T06:31:01+00:00","breadcrumb":{"@id":"https:\/\/www.mycurli.com\/de\/sizing\/#breadcrumb"},"inLanguage":"de","potentialAction":[{"@type":"ReadAction","target":["https:\/\/www.mycurli.com\/de\/sizing\/"]}]},{"@type":"BreadcrumbList","@id":"https:\/\/www.mycurli.com\/de\/sizing\/#breadcrumb","itemListElement":[{"@type":"ListItem","position":1,"name":"Home","item":"https:\/\/www.mycurli.com\/de\/"},{"@type":"ListItem","position":2,"name":"Sizing"}]},{"@type":"WebSite","@id":"https:\/\/www.mycurli.com\/de\/#website","url":"https:\/\/www.mycurli.com\/de\/","name":"curli","description":"The Harness specialist from Switzerland","potentialAction":[{"@type":"SearchAction","target":{"@type":"EntryPoint","urlTemplate":"https:\/\/www.mycurli.com\/de\/?s={search_term_string}"},"query-input":{"@type":"PropertyValueSpecification","valueRequired":true,"valueName":"search_term_string"}}],"inLanguage":"de"}]}},"_links":{"self":[{"href":"https:\/\/www.mycurli.com\/de\/wp-json\/wp\/v2\/pages\/23234435","targetHints":{"allow":["GET"]}}],"collection":[{"href":"https:\/\/www.mycurli.com\/de\/wp-json\/wp\/v2\/pages"}],"about":[{"href":"https:\/\/www.mycurli.com\/de\/wp-json\/wp\/v2\/types\/page"}],"author":[{"embeddable":true,"href":"https:\/\/www.mycurli.com\/de\/wp-json\/wp\/v2\/users\/2"}],"replies":[{"embeddable":true,"href":"https:\/\/www.mycurli.com\/de\/wp-json\/wp\/v2\/comments?post=23234435"}],"version-history":[{"count":9,"href":"https:\/\/www.mycurli.com\/de\/wp-json\/wp\/v2\/pages\/23234435\/revisions"}],"predecessor-version":[{"id":23234446,"href":"https:\/\/www.mycurli.com\/de\/wp-json\/wp\/v2\/pages\/23234435\/revisions\/23234446"}],"wp:attachment":[{"href":"https:\/\/www.mycurli.com\/de\/wp-json\/wp\/v2\/media?parent=23234435"}],"curies":[{"name":"wp","href":"https:\/\/api.w.org\/{rel}","templated":true}]}}