{"id":23225743,"date":"2023-06-15T13:24:29","date_gmt":"2023-06-15T11:24:29","guid":{"rendered":"https:\/\/www.mycurli.com\/curli-b2b\/"},"modified":"2024-11-08T12:27:15","modified_gmt":"2024-11-08T10:27:15","slug":"curli-b2b","status":"publish","type":"page","link":"https:\/\/www.mycurli.com\/de\/curli-b2b\/","title":{"rendered":"curli B2B"},"content":{"rendered":"<p>[et_pb_section fb_built=&#8220;1&#8243; admin_label=&#8220;Section Header Bild Hintergrund&#8220; _builder_version=&#8220;4.23&#8243; _module_preset=&#8220;default&#8220; background_image=&#8220;https:\/\/www.mycurli.com\/wp-content\/uploads\/2023\/08\/curli-Dog-Leash-stretch-comfort-leash-usage-example-small-dog.jpg&#8220; height=&#8220;70vh&#8220; custom_margin=&#8220;||||false|false&#8220; collapsed=&#8220;off&#8220; global_colors_info=&#8220;{}&#8220;][et_pb_row _builder_version=&#8220;4.21.0&#8243; _module_preset=&#8220;default&#8220; global_colors_info=&#8220;{}&#8220;][et_pb_column type=&#8220;4_4&#8243; _builder_version=&#8220;4.21.0&#8243; _module_preset=&#8220;default&#8220; global_colors_info=&#8220;{}&#8220;][et_pb_text admin_label=&#8220;Titel&#8220; _builder_version=&#8220;4.21.0&#8243; _module_preset=&#8220;default&#8220; text_text_color=&#8220;#FFFFFF&#8220; text_font_size=&#8220;32px&#8220; global_colors_info=&#8220;{}&#8220;][\/et_pb_text][\/et_pb_column][\/et_pb_row][et_pb_row _builder_version=&#8220;4.21.0&#8243; _module_preset=&#8220;default&#8220; positioning=&#8220;absolute&#8220; position_origin_a=&#8220;bottom_center&#8220; vertical_offset=&#8220;-26px&#8220; z_index=&#8220;1&#8243; custom_margin=&#8220;0px||0px||true|false&#8220; custom_padding=&#8220;0px||0px||true|false&#8220; global_colors_info=&#8220;{}&#8220;][et_pb_column type=&#8220;4_4&#8243; _builder_version=&#8220;4.21.0&#8243; _module_preset=&#8220;default&#8220; global_colors_info=&#8220;{}&#8220;][et_pb_code admin_label=&#8220;Ge\u00e4nderte \u00dcberschrift&#8220; _builder_version=&#8220;4.21.0&#8243; _module_preset=&#8220;default&#8220; background_color=&#8220;#FFFFFF&#8220; width=&#8220;52px&#8220; module_alignment=&#8220;center&#8220; height=&#8220;52px&#8220; custom_margin=&#8220;||||false|false&#8220; custom_padding=&#8220;||||false|false&#8220; link_option_url=&#8220;#headline&#8220; custom_css_main_element=&#8220;display:flex;||align-items:center;||justify-content:center;||font-size:32px;&#8220; border_radii=&#8220;on|50%|50%|50%|50%&#8220; locked=&#8220;off&#8220; global_colors_info=&#8220;{}&#8220;]<i class=\"curli-glyphs icon-arrow_carrot-down\"><\/i>[\/et_pb_code][\/et_pb_column][\/et_pb_row][\/et_pb_section][et_pb_section fb_built=&#8220;1&#8243; _builder_version=&#8220;4.21.0&#8243; _module_preset=&#8220;default&#8220; custom_margin=&#8220;||||false|false&#8220; custom_padding=&#8220;10px||0px||false|false&#8220; collapsed=&#8220;off&#8220; global_colors_info=&#8220;{}&#8220;][et_pb_row _builder_version=&#8220;4.20.0&#8243; _module_preset=&#8220;default&#8220; global_colors_info=&#8220;{}&#8220;][et_pb_column type=&#8220;4_4&#8243; _builder_version=&#8220;4.20.0&#8243; _module_preset=&#8220;default&#8220; global_colors_info=&#8220;{}&#8220;][et_pb_text _builder_version=&#8220;4.21.0&#8243; _module_preset=&#8220;default&#8220; text_font=&#8220;||||||||&#8220; text_text_color=&#8220;gcid-82db9916-eee9-4861-b5d4-839ce08ece2e&#8220; locked=&#8220;off&#8220; global_colors_info=&#8220;{%22gcid-82db9916-eee9-4861-b5d4-839ce08ece2e%22:%91%22text_text_color%22%93}&#8220;]<\/p>\n<p>curli B2B<\/p>\n<p>[\/et_pb_text][et_pb_text module_id=&#8220;headline&#8220; _builder_version=&#8220;4.21.0&#8243; _module_preset=&#8220;default&#8220; global_colors_info=&#8220;{}&#8220;]<\/p>\n<h1>Weil eine gute Gesch\u00e4ftsbeziehung gutes Teamwork bedeutet<\/h1>\n<p>[\/et_pb_text][et_pb_text module_id=&#8220;headline&#8220; _builder_version=&#8220;4.21.0&#8243; _module_preset=&#8220;default&#8220; header_2_text_color=&#8220;#999999&#8243; header_2_font_size=&#8220;18px&#8220; global_colors_info=&#8220;{}&#8220;]<\/p>\n<h2>GEMEINSAM EINEN OPTIMALEN AUFTRITT GESTALTEN<\/h2>\n<p>[\/et_pb_text][\/et_pb_column][\/et_pb_row][\/et_pb_section][et_pb_section fb_built=&#8220;1&#8243; _builder_version=&#8220;4.21.0&#8243; _module_preset=&#8220;default&#8220; custom_margin=&#8220;0px||||false|false&#8220; custom_padding=&#8220;0px||||false|false&#8220; collapsed=&#8220;off&#8220; global_colors_info=&#8220;{}&#8220;][et_pb_row _builder_version=&#8220;4.20.0&#8243; _module_preset=&#8220;default&#8220; global_colors_info=&#8220;{}&#8220;][et_pb_column type=&#8220;4_4&#8243; _builder_version=&#8220;4.20.0&#8243; _module_preset=&#8220;default&#8220; global_colors_info=&#8220;{}&#8220;][et_pb_text _builder_version=&#8220;4.21.0&#8243; _module_preset=&#8220;default&#8220; global_colors_info=&#8220;{}&#8220;]<\/p>\n<p>Als curli Partner erhalten Sie Zugang zum curli B2B Shop.<\/p>\n<p>Bequem Bestellungen aufgeben und verwalten, in punkto News auf dem Laufenden bleiben, neue Produkte mit allen Hintergrundinfos entdecken, Ihren Point of Sales ausstatten \u2013 alles das k\u00f6nnen Sie in Ihrem individuellen curli B2B Shop \u00fcbersichtlich und ohne grossen Aufwand erledigen.<\/p>\n<p>Nat\u00fcrlich steht Ihnen das curli Sales Team auch pers\u00f6nlich gerne mit Rat und Tat und interessanten Tipps zur Seite.<br \/>Sie planen eine Hausmesse und ben\u00f6tigen dazu massgeschneiderten Support oder haben eine gute Idee um den Brand an Ihrem individuellen noch besser in den Fokus zu r\u00fccken? Unser Team hat immer ein offenes Ohr f\u00fcr Sie, denn f\u00fcr uns sind Sie die Scouts am Point of Sales \u2013 in Ihrem Gesch\u00e4ft, unserem Brand Touchpoint.<\/p>\n<p>Mit curli haben Sie einen starken Partner an Ihrer Seite.<br \/>Einen Teamplayer, der gemeinsam mit Ihnen etwas bewegen wird und ein Brand der Ihnen verl\u00e4ssliche Future-Fitness bietet.<\/p>\n<p><span style=\"color: #00b1eb;\">M\u00f6chten Sie curli Gesch\u00e4ftspartner werden?<br \/>Dann nehmen Sie gerne Kontakt mit uns auf.<\/span><span style=\"color: #00b1eb;\"><\/span><\/p>\n<p>[\/et_pb_text][et_pb_button button_url=&#8220;https:\/\/shop.mycurli.com\/Account\/Register\/&#8220; url_new_window=&#8220;on&#8220; button_text=&#8220;curli B2B Account einrichten&#8220; button_alignment=&#8220;right&#8220; admin_label=&#8220;Application curli Brand Ambassador Program&#8220; _builder_version=&#8220;4.21.0&#8243; _module_preset=&#8220;default&#8220; custom_button=&#8220;on&#8220; button_text_size=&#8220;14px&#8220; button_text_color=&#8220;#FFFFFF&#8220; button_bg_color=&#8220;#00afea&#8220; button_border_color=&#8220;RGBA(255,255,255,0)&#8220; button_border_radius=&#8220;13px&#8220; button_icon=&#8220;&#x3d;||divi||400&#8243; button_icon_color=&#8220;#FFFFFF&#8220; button_icon_placement=&#8220;left&#8220; button_on_hover=&#8220;off&#8220; custom_margin=&#8220;20px||||false|false&#8220; global_colors_info=&#8220;{}&#8220;][\/et_pb_button][et_pb_button button_url=&#8220;https:\/\/shop.mycurli.com\/Login\/?lang=en&#8220; url_new_window=&#8220;on&#8220; button_text=&#8220;Im curli B2B Account einloggen&#8220; button_alignment=&#8220;right&#8220; admin_label=&#8220;Application curli Brand Ambassador Program&#8220; _builder_version=&#8220;4.21.0&#8243; _module_preset=&#8220;default&#8220; custom_button=&#8220;on&#8220; button_text_size=&#8220;14px&#8220; button_text_color=&#8220;#FFFFFF&#8220; button_bg_color=&#8220;#afafaf&#8220; button_border_color=&#8220;RGBA(255,255,255,0)&#8220; button_border_radius=&#8220;13px&#8220; button_icon=&#8220;&#x3d;||divi||400&#8243; button_icon_color=&#8220;#FFFFFF&#8220; button_icon_placement=&#8220;left&#8220; button_on_hover=&#8220;off&#8220; global_colors_info=&#8220;{}&#8220;][\/et_pb_button][\/et_pb_column][\/et_pb_row][\/et_pb_section]<\/p>\n","protected":false},"excerpt":{"rendered":"<p>curli B2BWeil eine gute Gesch\u00e4ftsbeziehung gutes Teamwork bedeutetGEMEINSAM EINEN OPTIMALEN AUFTRITT GESTALTENAls curli Partner erhalten Sie Zugang zum curli B2B Shop. Bequem Bestellungen aufgeben und verwalten, in punkto News auf dem Laufenden bleiben, neue Produkte mit allen Hintergrundinfos entdecken, Ihren Point of Sales ausstatten \u2013 alles das k\u00f6nnen Sie in Ihrem individuellen curli B2B Shop [&hellip;]<\/p>\n","protected":false},"author":2,"featured_media":0,"parent":0,"menu_order":0,"comment_status":"closed","ping_status":"closed","template":"","meta":{"_acf_changed":false,"_et_pb_use_builder":"on","_et_pb_old_content":"","_et_gb_content_width":"","footnotes":""},"class_list":["post-23225743","page","type-page","status-publish","hentry"],"acf":[],"yoast_head":"<!-- This site is optimized with the Yoast SEO plugin v24.6 - https:\/\/yoast.com\/wordpress\/plugins\/seo\/ -->\n<title>curli B2B - business relations in a partnering way<\/title>\n<meta name=\"description\" content=\"A good business relation meens good teamwork. Find out how to become a curli B2B partner and get access to the curli B2B area.\" \/>\n<meta name=\"robots\" content=\"index, follow, max-snippet:-1, max-image-preview:large, max-video-preview:-1\" \/>\n<link rel=\"canonical\" href=\"https:\/\/www.mycurli.com\/de\/curli-b2b\/\" \/>\n<meta property=\"og:locale\" content=\"de_DE\" \/>\n<meta property=\"og:type\" content=\"article\" \/>\n<meta property=\"og:title\" content=\"curli B2B - business relations in a partnering way\" \/>\n<meta property=\"og:description\" content=\"A good business relation meens good teamwork. Find out how to become a curli B2B partner and get access to the curli B2B area.\" \/>\n<meta property=\"og:url\" content=\"https:\/\/www.mycurli.com\/de\/curli-b2b\/\" \/>\n<meta property=\"og:site_name\" content=\"curli\" \/>\n<meta property=\"article:publisher\" content=\"https:\/\/www.facebook.com\/mycurli\" \/>\n<meta property=\"article:modified_time\" content=\"2024-11-08T10:27:15+00:00\" \/>\n<meta name=\"twitter:card\" content=\"summary_large_image\" \/>\n<meta name=\"twitter:site\" content=\"@mycurli\" \/>\n<meta name=\"twitter:label1\" content=\"Gesch\u00e4tzte Lesezeit\" \/>\n\t<meta name=\"twitter:data1\" content=\"2\u00a0Minuten\" \/>\n<script type=\"application\/ld+json\" class=\"yoast-schema-graph\">{\"@context\":\"https:\/\/schema.org\",\"@graph\":[{\"@type\":\"WebPage\",\"@id\":\"https:\/\/www.mycurli.com\/de\/curli-b2b\/\",\"url\":\"https:\/\/www.mycurli.com\/de\/curli-b2b\/\",\"name\":\"curli B2B - business relations in a partnering way\",\"isPartOf\":{\"@id\":\"https:\/\/www.mycurli.com\/de\/#website\"},\"datePublished\":\"2023-06-15T11:24:29+00:00\",\"dateModified\":\"2024-11-08T10:27:15+00:00\",\"description\":\"A good business relation meens good teamwork. Find out how to become a curli B2B partner and get access to the curli B2B area.\",\"breadcrumb\":{\"@id\":\"https:\/\/www.mycurli.com\/de\/curli-b2b\/#breadcrumb\"},\"inLanguage\":\"de\",\"potentialAction\":[{\"@type\":\"ReadAction\",\"target\":[\"https:\/\/www.mycurli.com\/de\/curli-b2b\/\"]}]},{\"@type\":\"BreadcrumbList\",\"@id\":\"https:\/\/www.mycurli.com\/de\/curli-b2b\/#breadcrumb\",\"itemListElement\":[{\"@type\":\"ListItem\",\"position\":1,\"name\":\"Home\",\"item\":\"https:\/\/www.mycurli.com\/de\/\"},{\"@type\":\"ListItem\",\"position\":2,\"name\":\"curli B2B\"}]},{\"@type\":\"WebSite\",\"@id\":\"https:\/\/www.mycurli.com\/de\/#website\",\"url\":\"https:\/\/www.mycurli.com\/de\/\",\"name\":\"curli\",\"description\":\"The Harness specialist from Switzerland\",\"potentialAction\":[{\"@type\":\"SearchAction\",\"target\":{\"@type\":\"EntryPoint\",\"urlTemplate\":\"https:\/\/www.mycurli.com\/de\/?s={search_term_string}\"},\"query-input\":{\"@type\":\"PropertyValueSpecification\",\"valueRequired\":true,\"valueName\":\"search_term_string\"}}],\"inLanguage\":\"de\"}]}<\/script>\n<!-- \/ Yoast SEO plugin. -->","yoast_head_json":{"title":"curli B2B - business relations in a partnering way","description":"A good business relation meens good teamwork. Find out how to become a curli B2B partner and get access to the curli B2B area.","robots":{"index":"index","follow":"follow","max-snippet":"max-snippet:-1","max-image-preview":"max-image-preview:large","max-video-preview":"max-video-preview:-1"},"canonical":"https:\/\/www.mycurli.com\/de\/curli-b2b\/","og_locale":"de_DE","og_type":"article","og_title":"curli B2B - business relations in a partnering way","og_description":"A good business relation meens good teamwork. Find out how to become a curli B2B partner and get access to the curli B2B area.","og_url":"https:\/\/www.mycurli.com\/de\/curli-b2b\/","og_site_name":"curli","article_publisher":"https:\/\/www.facebook.com\/mycurli","article_modified_time":"2024-11-08T10:27:15+00:00","twitter_card":"summary_large_image","twitter_site":"@mycurli","twitter_misc":{"Gesch\u00e4tzte Lesezeit":"2\u00a0Minuten"},"schema":{"@context":"https:\/\/schema.org","@graph":[{"@type":"WebPage","@id":"https:\/\/www.mycurli.com\/de\/curli-b2b\/","url":"https:\/\/www.mycurli.com\/de\/curli-b2b\/","name":"curli B2B - business relations in a partnering way","isPartOf":{"@id":"https:\/\/www.mycurli.com\/de\/#website"},"datePublished":"2023-06-15T11:24:29+00:00","dateModified":"2024-11-08T10:27:15+00:00","description":"A good business relation meens good teamwork. Find out how to become a curli B2B partner and get access to the curli B2B area.","breadcrumb":{"@id":"https:\/\/www.mycurli.com\/de\/curli-b2b\/#breadcrumb"},"inLanguage":"de","potentialAction":[{"@type":"ReadAction","target":["https:\/\/www.mycurli.com\/de\/curli-b2b\/"]}]},{"@type":"BreadcrumbList","@id":"https:\/\/www.mycurli.com\/de\/curli-b2b\/#breadcrumb","itemListElement":[{"@type":"ListItem","position":1,"name":"Home","item":"https:\/\/www.mycurli.com\/de\/"},{"@type":"ListItem","position":2,"name":"curli B2B"}]},{"@type":"WebSite","@id":"https:\/\/www.mycurli.com\/de\/#website","url":"https:\/\/www.mycurli.com\/de\/","name":"curli","description":"The Harness specialist from Switzerland","potentialAction":[{"@type":"SearchAction","target":{"@type":"EntryPoint","urlTemplate":"https:\/\/www.mycurli.com\/de\/?s={search_term_string}"},"query-input":{"@type":"PropertyValueSpecification","valueRequired":true,"valueName":"search_term_string"}}],"inLanguage":"de"}]}},"_links":{"self":[{"href":"https:\/\/www.mycurli.com\/de\/wp-json\/wp\/v2\/pages\/23225743","targetHints":{"allow":["GET"]}}],"collection":[{"href":"https:\/\/www.mycurli.com\/de\/wp-json\/wp\/v2\/pages"}],"about":[{"href":"https:\/\/www.mycurli.com\/de\/wp-json\/wp\/v2\/types\/page"}],"author":[{"embeddable":true,"href":"https:\/\/www.mycurli.com\/de\/wp-json\/wp\/v2\/users\/2"}],"replies":[{"embeddable":true,"href":"https:\/\/www.mycurli.com\/de\/wp-json\/wp\/v2\/comments?post=23225743"}],"version-history":[{"count":7,"href":"https:\/\/www.mycurli.com\/de\/wp-json\/wp\/v2\/pages\/23225743\/revisions"}],"predecessor-version":[{"id":23235214,"href":"https:\/\/www.mycurli.com\/de\/wp-json\/wp\/v2\/pages\/23225743\/revisions\/23235214"}],"wp:attachment":[{"href":"https:\/\/www.mycurli.com\/de\/wp-json\/wp\/v2\/media?parent=23225743"}],"curies":[{"name":"wp","href":"https:\/\/api.w.org\/{rel}","templated":true}]}}