{"id":23225718,"date":"2023-06-15T09:41:11","date_gmt":"2023-06-15T07:41:11","guid":{"rendered":"https:\/\/www.mycurli.com\/curli-brand-story-versprechen\/"},"modified":"2023-11-03T12:18:25","modified_gmt":"2023-11-03T10:18:25","slug":"curli-brand-story-versprechen","status":"publish","type":"page","link":"https:\/\/www.mycurli.com\/de\/magazin\/curli-brand-story-versprechen\/","title":{"rendered":"curli Brand Story \u2013 Versprechen"},"content":{"rendered":"<p>[et_pb_section fb_built=&#8220;1&#8243; custom_padding_last_edited=&#8220;off|desktop&#8220; admin_label=&#8220;Overlay Buttons Shopfinder &#038; Instagram&#8220; module_id=&#8220;section-overlay-buttons&#8220; _builder_version=&#8220;4.22.2&#8243; _module_preset=&#8220;default&#8220; custom_padding=&#8220;0px||0px||false|false&#8220; custom_css_main_element=&#8220;padding:0&#8243; global_module=&#8220;23229574&#8243; saved_tabs=&#8220;all&#8220; locked=&#8220;off&#8220; collapsed=&#8220;on&#8220; global_colors_info=&#8220;{}&#8220;][et_pb_row admin_label=&#8220;Overlay Buttons (Position)&#8220; module_id=&#8220;row-overlay-buttons&#8220; _builder_version=&#8220;4.21.0&#8243; _module_preset=&#8220;default&#8220; positioning=&#8220;fixed&#8220; position_origin_f=&#8220;bottom_right&#8220; vertical_offset=&#8220;10vh&#8220; horizontal_offset=&#8220;3vw&#8220; z_index=&#8220;999999&#8243; vertical_offset_tablet=&#8220;10vh&#8220; vertical_offset_phone=&#8220;10vh&#8220; vertical_offset_last_edited=&#8220;on|phone&#8220; horizontal_offset_tablet=&#8220;4vw&#8220; horizontal_offset_phone=&#8220;0.2vw&#8220; horizontal_offset_last_edited=&#8220;on|phone&#8220; width=&#8220;68px&#8220; max_width=&#8220;68px&#8220; custom_padding=&#8220;0px||0px||true|false&#8220; sticky_limit_top=&#8220;section&#8220; custom_css_main_element=&#8220;width:unset;&#8220; global_colors_info=&#8220;{}&#8220;][et_pb_column type=&#8220;4_4&#8243; module_id=&#8220;column-overlay-buttons&#8220; admin_label=&#8220;Overlay Buttons&#8220; _builder_version=&#8220;4.19.5&#8243; _module_preset=&#8220;default&#8220; global_colors_info=&#8220;{}&#8220;][et_pb_text admin_label=&#8220;icon bag&#8220; module_class=&#8220;curli-overlay-button&#8220; _builder_version=&#8220;4.21.0&#8243; _dynamic_attributes=&#8220;link_option_url&#8220; _module_preset=&#8220;default&#8220; background_color=&#8220;gcid-46094c9d-6805-4d81-a481-b0e9ae79c862&#8243; width=&#8220;60px&#8220; width_tablet=&#8220;&#8220; width_phone=&#8220;&#8220; width_last_edited=&#8220;on|desktop&#8220; height=&#8220;60px&#8220; height_tablet=&#8220;&#8220; height_phone=&#8220;&#8220; height_last_edited=&#8220;on|phone&#8220; custom_margin=&#8220;12px|6px|12px|6px|true|true&#8220; custom_margin_tablet=&#8220;&#8220; custom_margin_phone=&#8220;&#8220; custom_margin_last_edited=&#8220;on|desktop&#8220; custom_padding_tablet=&#8220;&#8220; custom_padding_phone=&#8220;&#8220; custom_padding_last_edited=&#8220;on|phone&#8220; link_option_url=&#8220;@ET-DC@eyJkeW5hbWljIjp0cnVlLCJjb250ZW50IjoicG9zdF9saW5rX3VybF9wYWdlIiwic2V0dGluZ3MiOnsicG9zdF9pZCI6Ijc0MyJ9fQ==@&#8220; link_option_url_new_window=&#8220;on&#8220; border_radii=&#8220;on|50%|50%|50%|50%&#8220; global_colors_info=&#8220;{%22gcid-46094c9d-6805-4d81-a481-b0e9ae79c862%22:%91%22background_color%22%93}&#8220;]<\/p>\n<p><i class=\"curli-glyphs icon-bag\"><\/i><\/p>\n<p>[\/et_pb_text][et_pb_text admin_label=&#8220;icon instagram&#8220; module_class=&#8220;curli-overlay-button&#8220; _builder_version=&#8220;4.21.0&#8243; _module_preset=&#8220;default&#8220; background_color=&#8220;gcid-46094c9d-6805-4d81-a481-b0e9ae79c862&#8243; width=&#8220;60px&#8220; height=&#8220;60px&#8220; custom_margin=&#8220;12px|6px|12px|6px|true|true&#8220; link_option_url=&#8220;https:\/\/www.instagram.com\/curli\/&#8220; link_option_url_new_window=&#8220;on&#8220; border_radii=&#8220;on|50%|50%|50%|50%&#8220; global_colors_info=&#8220;{%22gcid-46094c9d-6805-4d81-a481-b0e9ae79c862%22:%91%22background_color%22%93}&#8220;]<\/p>\n<p><i class=\"curli-glyphs icon-camera\"><\/i><\/p>\n<p>[\/et_pb_text][\/et_pb_column][\/et_pb_row][\/et_pb_section][et_pb_section fb_built=&#8220;1&#8243; admin_label=&#8220;Section Header Bild Hintergrund&#8220; _builder_version=&#8220;4.21.0&#8243; _module_preset=&#8220;default&#8220; background_image=&#8220;https:\/\/www.mycurli.com\/wp-content\/uploads\/2023\/06\/curli-Brand-Story9.jpg&#8220; height=&#8220;70vh&#8220; custom_margin=&#8220;||||false|false&#8220; collapsed=&#8220;on&#8220; global_colors_info=&#8220;{}&#8220;][et_pb_row _builder_version=&#8220;4.21.0&#8243; _module_preset=&#8220;default&#8220; global_colors_info=&#8220;{}&#8220;][et_pb_column type=&#8220;4_4&#8243; _builder_version=&#8220;4.21.0&#8243; _module_preset=&#8220;default&#8220; global_colors_info=&#8220;{}&#8220;][et_pb_text admin_label=&#8220;Titel&#8220; _builder_version=&#8220;4.21.0&#8243; _module_preset=&#8220;default&#8220; text_text_color=&#8220;#FFFFFF&#8220; text_font_size=&#8220;32px&#8220; global_colors_info=&#8220;{}&#8220;][\/et_pb_text][\/et_pb_column][\/et_pb_row][et_pb_row _builder_version=&#8220;4.21.0&#8243; _module_preset=&#8220;default&#8220; positioning=&#8220;absolute&#8220; position_origin_a=&#8220;bottom_center&#8220; vertical_offset=&#8220;-26px&#8220; z_index=&#8220;1&#8243; custom_margin=&#8220;0px||0px||true|false&#8220; custom_padding=&#8220;0px||0px||true|false&#8220; global_colors_info=&#8220;{}&#8220;][et_pb_column type=&#8220;4_4&#8243; _builder_version=&#8220;4.21.0&#8243; _module_preset=&#8220;default&#8220; global_colors_info=&#8220;{}&#8220;][et_pb_code admin_label=&#8220;Ge\u00e4nderte \u00dcberschrift&#8220; _builder_version=&#8220;4.21.0&#8243; _module_preset=&#8220;default&#8220; background_color=&#8220;#FFFFFF&#8220; width=&#8220;52px&#8220; module_alignment=&#8220;center&#8220; height=&#8220;52px&#8220; custom_margin=&#8220;||||false|false&#8220; custom_padding=&#8220;||||false|false&#8220; link_option_url=&#8220;#headline&#8220; custom_css_main_element=&#8220;display:flex;||align-items:center;||justify-content:center;||font-size:32px;&#8220; border_radii=&#8220;on|50%|50%|50%|50%&#8220; locked=&#8220;off&#8220; global_colors_info=&#8220;{}&#8220;]<i class=\"curli-glyphs icon-arrow_carrot-down\"><\/i>[\/et_pb_code][\/et_pb_column][\/et_pb_row][\/et_pb_section][et_pb_section fb_built=&#8220;1&#8243; _builder_version=&#8220;4.21.0&#8243; _module_preset=&#8220;default&#8220; custom_margin=&#8220;||||false|false&#8220; custom_padding=&#8220;10px||0px||false|false&#8220; collapsed=&#8220;off&#8220; global_colors_info=&#8220;{}&#8220;][et_pb_row _builder_version=&#8220;4.20.0&#8243; _module_preset=&#8220;default&#8220; global_colors_info=&#8220;{}&#8220;][et_pb_column type=&#8220;4_4&#8243; _builder_version=&#8220;4.20.0&#8243; _module_preset=&#8220;default&#8220; global_colors_info=&#8220;{}&#8220;][et_pb_text _builder_version=&#8220;4.21.0&#8243; _module_preset=&#8220;default&#8220; text_font=&#8220;||||||||&#8220; text_text_color=&#8220;gcid-82db9916-eee9-4861-b5d4-839ce08ece2e&#8220; locked=&#8220;off&#8220; global_colors_info=&#8220;{%22gcid-82db9916-eee9-4861-b5d4-839ce08ece2e%22:%91%22text_text_color%22%93}&#8220;]<\/p>\n<p>curli \u2013 VERSPRECHEN<\/p>\n<p>[\/et_pb_text][et_pb_text module_id=&#8220;headline&#8220; _builder_version=&#8220;4.21.0&#8243; _module_preset=&#8220;default&#8220; global_colors_info=&#8220;{}&#8220;]<\/p>\n<h1>Kompetenz und Pr\u00e4zision auf die man sich verlassen kann<\/h1>\n<p>[\/et_pb_text][et_pb_text module_id=&#8220;headline&#8220; _builder_version=&#8220;4.23&#8243; _module_preset=&#8220;default&#8220; header_2_text_color=&#8220;#999999&#8243; header_2_font_size=&#8220;18px&#8220; global_colors_info=&#8220;{}&#8220;]<\/p>\n<h2>VERTRAUEN BIS INS KLEINSTE DETAIL<\/h2>\n<p>[\/et_pb_text][\/et_pb_column][\/et_pb_row][\/et_pb_section][et_pb_section fb_built=&#8220;1&#8243; _builder_version=&#8220;4.21.0&#8243; _module_preset=&#8220;default&#8220; custom_margin=&#8220;0px||||false|false&#8220; custom_padding=&#8220;0px||||false|false&#8220; collapsed=&#8220;off&#8220; global_colors_info=&#8220;{}&#8220;][et_pb_row column_structure=&#8220;1_2,1_2&#8243; _builder_version=&#8220;4.20.0&#8243; _module_preset=&#8220;default&#8220; global_colors_info=&#8220;{}&#8220;][et_pb_column type=&#8220;1_2&#8243; _builder_version=&#8220;4.20.0&#8243; _module_preset=&#8220;default&#8220; global_colors_info=&#8220;{}&#8220;][et_pb_text _builder_version=&#8220;4.21.0&#8243; _module_preset=&#8220;default&#8220; global_colors_info=&#8220;{}&#8220;]Wir bei curli haben einen geschulten Blick f\u00fcrs Detail und \u00fcberlassen nichts dem Zufall. Basierend auf unserem Wissen aus dem Bergsport und unserer Erfahrung als Harness Specialists entwickeln wir curli Geschirre mit Fokus auf optimale Ergonomie, leistungsstarke Funktionalit\u00e4t, optimale Performance und Sicherheit.<\/p>\n<p><span style=\"color: #00b1eb;\">Ergonomie<\/span><br \/>\nJedes Geschirr wird im Hinblick auf eine optimale Passform entwickelt und mit einem Comfort Fit umgesetzt, so dass Ihr Hund optimale Bewegungsfreiheit hat und das Geschirr gleichzeitig so gut und sicher sitzt, dass Sie entspannt die Zeit draussen mit Ihrem Tier geniessen k\u00f6nnen.<\/p>\n<p><span style=\"color: #00b1eb;\">Funktionalit\u00e4t und Performance<\/span><br \/>\nAls Berg-Spezialisten wissen wir worauf es ankommt, wenn es um verl\u00e4ssliche Funktion und sichere Performance geht. curli Produkte sind so gestaltet, dass Sie sich auf das Wesentliche konzentrieren k\u00f6nnen. Ihr ist Equipment einfach bedienbar, zuverl\u00e4ssig und langlebig.<br \/>\nDas gilt f\u00fcr den mit einer Hand bedienbaren CLICK.SNAP.GO curli Clasp Verschluss genauso wie f\u00fcr den einh\u00e4ndig zu \u00f6ffnenden und schliessenden Futterbeutel oder das Belka Comfort Geschirr, dass Ihnen mit verschieden Sicherheits\u00f6sen die M\u00f6glichkeit gibt, Ihren Hund zu f\u00fchren oder ihm kontrolliert gr\u00f6sseren Spielraum zu lassen.<br \/>\ncurli Geschirre sind daher beispielsweise um ein vielfaches leichter als vergleichbare Produkte am Markt, denn so schonen Sie die empfindliche, horizontal liegende Wirbels\u00e4ule Ihres Hundes.<br \/>\nOptimal positionierte Zugb\u00e4nderam Geschirr verteilen die Zuglast gesundheitsschonend auf den K\u00f6rper des Hundes.[\/et_pb_text][et_pb_image src=&#8220;https:\/\/www.mycurli.com\/wp-content\/uploads\/2023\/06\/curli-Productdevelopment.jpg&#8220; title_text=&#8220;curli-Productdevelopment&#8220; _builder_version=&#8220;4.21.0&#8243; _module_preset=&#8220;default&#8220; background_color=&#8220;RGBA(255,255,255,0)&#8220; global_colors_info=&#8220;{}&#8220;][\/et_pb_image][\/et_pb_column][et_pb_column type=&#8220;1_2&#8243; _builder_version=&#8220;4.20.0&#8243; _module_preset=&#8220;default&#8220; global_colors_info=&#8220;{}&#8220;][et_pb_image src=&#8220;https:\/\/www.mycurli.com\/wp-content\/uploads\/2023\/06\/curli-Brand-Story10.jpg&#8220; title_text=&#8220;curli-Brand-Story10&#8243; _builder_version=&#8220;4.21.0&#8243; _module_preset=&#8220;default&#8220; background_color=&#8220;RGBA(255,255,255,0)&#8220; global_colors_info=&#8220;{}&#8220;][\/et_pb_image][et_pb_text _builder_version=&#8220;4.21.0&#8243; _module_preset=&#8220;default&#8220; text_text_color=&#8220;#00b1eb&#8220; text_font_size=&#8220;22px&#8220; locked=&#8220;off&#8220; global_colors_info=&#8220;{}&#8220;]\u201eWir wissen, dass ein Geschirr niemals mehr als 2% des K\u00f6rpergewichts wiegen sollte, aber viele sind zwei-, drei- oder viermal schwerer als das!<br \/>\nDas ist, als ob man jeden Tag eine 5-8 kg schwere Jacke tr\u00e4gt!\u201c[\/et_pb_text][et_pb_text _builder_version=&#8220;4.21.0&#8243; _module_preset=&#8220;default&#8220; text_text_color=&#8220;#00b1eb&#8220; locked=&#8220;off&#8220; global_colors_info=&#8220;{}&#8220;]Mark Zimmermann, curli Product Manager[\/et_pb_text][\/et_pb_column][\/et_pb_row][\/et_pb_section][et_pb_section fb_built=&#8220;1&#8243; _builder_version=&#8220;4.21.0&#8243; _module_preset=&#8220;default&#8220; background_image=&#8220;https:\/\/www.mycurli.com\/wp-content\/uploads\/2023\/06\/curli-Harness-Large-Dogs-20200510-516.jpg&#8220; height=&#8220;50vh&#8220; collapsed=&#8220;on&#8220; global_colors_info=&#8220;{}&#8220;][et_pb_row _builder_version=&#8220;4.20.0&#8243; _module_preset=&#8220;default&#8220; global_colors_info=&#8220;{}&#8220;][et_pb_column type=&#8220;4_4&#8243; _builder_version=&#8220;4.20.0&#8243; _module_preset=&#8220;default&#8220; global_colors_info=&#8220;{}&#8220;][et_pb_text _builder_version=&#8220;4.21.0&#8243; _module_preset=&#8220;default&#8220; text_text_color=&#8220;#FFFFFF&#8220; text_font_size=&#8220;32px&#8220; global_colors_info=&#8220;{}&#8220;]<\/p>\n<p>Lust auf mehr Insights und Stories?<\/p>\n<p>[\/et_pb_text][\/et_pb_column][\/et_pb_row][\/et_pb_section][et_pb_section fb_built=&#8220;1&#8243; _builder_version=&#8220;4.20.0&#8243; _module_preset=&#8220;default&#8220; collapsed=&#8220;on&#8220; global_colors_info=&#8220;{}&#8220;][et_pb_row column_structure=&#8220;1_2,1_2&#8243; _builder_version=&#8220;4.20.0&#8243; _module_preset=&#8220;default&#8220; global_colors_info=&#8220;{}&#8220;][et_pb_column type=&#8220;1_2&#8243; _builder_version=&#8220;4.20.0&#8243; _module_preset=&#8220;default&#8220; global_colors_info=&#8220;{}&#8220;][et_pb_image src=&#8220;https:\/\/www.mycurli.com\/wp-content\/uploads\/2023\/06\/Teaser-Brand-Story-Heritage.jpg&#8220; title_text=&#8220;Teaser-Brand-Story-Heritage&#8220; admin_label=&#8220;Image&#8220; _builder_version=&#8220;4.21.0&#8243; _module_preset=&#8220;default&#8220; background_color=&#8220;RGBA(255,255,255,0)&#8220; global_colors_info=&#8220;{}&#8220;][\/et_pb_image][et_pb_text _builder_version=&#8220;4.21.0&#8243; _module_preset=&#8220;default&#8220; text_font=&#8220;||||||||&#8220; text_text_color=&#8220;gcid-82db9916-eee9-4861-b5d4-839ce08ece2e&#8220; global_colors_info=&#8220;{%22gcid-82db9916-eee9-4861-b5d4-839ce08ece2e%22:%91%22text_text_color%22%93}&#8220;]<\/p>\n<p>curli HERITAGE<\/p>\n<p>[\/et_pb_text][et_pb_text _builder_version=&#8220;4.21.0&#8243; _module_preset=&#8220;default&#8220; global_colors_info=&#8220;{}&#8220;]<\/p>\n<h3>Swiss dog harness specialist<\/h3>\n<p>[\/et_pb_text][et_pb_text _builder_version=&#8220;4.21.0&#8243; _module_preset=&#8220;default&#8220; global_colors_info=&#8220;{}&#8220;]<\/p>\n<p>curli hat seinen Ursprung im Bergsport. EIne ideale Ausgangslage, um zuverl\u00e4ssiges Hundeequioment f\u00fcr den Alltag mit dem Hund zu entwickeln.<\/p>\n<p>[\/et_pb_text][et_pb_button button_url=&#8220;https:\/\/www.mycurli.com\/magazin\/curli-brand-story-heritage\/&#8220; button_text=&#8220;LESEN&#8220; button_alignment=&#8220;right&#8220; _builder_version=&#8220;4.21.0&#8243; _module_preset=&#8220;default&#8220; custom_button=&#8220;on&#8220; button_text_size=&#8220;14px&#8220; button_border_color=&#8220;RGBA(255,255,255,0)&#8220; button_border_radius=&#8220;0px&#8220; button_icon=&#8220;&#x3d;||divi||400&#8243; button_icon_placement=&#8220;left&#8220; button_on_hover=&#8220;off&#8220; custom_padding=&#8220;0px||20px||false|false&#8220; locked=&#8220;off&#8220; global_colors_info=&#8220;{}&#8220;][\/et_pb_button][\/et_pb_column][et_pb_column type=&#8220;1_2&#8243; _builder_version=&#8220;4.20.0&#8243; _module_preset=&#8220;default&#8220; global_colors_info=&#8220;{}&#8220;][et_pb_image src=&#8220;https:\/\/www.mycurli.com\/wp-content\/uploads\/2023\/06\/Teaser-Brand-Story-Vision.jpg&#8220; title_text=&#8220;Teaser-Brand-Story-Vision&#8220; admin_label=&#8220;Image&#8220; _builder_version=&#8220;4.21.0&#8243; _module_preset=&#8220;default&#8220; background_color=&#8220;RGBA(255,255,255,0)&#8220; global_colors_info=&#8220;{}&#8220;][\/et_pb_image][et_pb_text _builder_version=&#8220;4.21.0&#8243; _module_preset=&#8220;default&#8220; text_font=&#8220;||||||||&#8220; text_text_color=&#8220;gcid-82db9916-eee9-4861-b5d4-839ce08ece2e&#8220; global_colors_info=&#8220;{%22gcid-82db9916-eee9-4861-b5d4-839ce08ece2e%22:%91%22text_text_color%22%93}&#8220;]<\/p>\n<p>curli VISION<\/p>\n<p>[\/et_pb_text][et_pb_text _builder_version=&#8220;4.21.0&#8243; _module_preset=&#8220;default&#8220; global_colors_info=&#8220;{}&#8220;]<\/p>\n<h3>F\u00fcr eine perfekte Verbindung<\/h3>\n<p>[\/et_pb_text][et_pb_text _builder_version=&#8220;4.21.0&#8243; _module_preset=&#8220;default&#8220; global_colors_info=&#8220;{}&#8220;]<\/p>\n<p>Hier gibt es mehr Infos zu unserer Vision und unserer Idee von einer perfekten Verbindung zwischen dir und deinem Hund.<\/p>\n<p>[\/et_pb_text][et_pb_button button_url=&#8220;https:\/\/www.mycurli.com\/de\/magazin\/curli-brand-story-vision\/&#8220; button_text=&#8220;LESEN&#8220; button_alignment=&#8220;right&#8220; _builder_version=&#8220;4.21.0&#8243; _module_preset=&#8220;default&#8220; custom_button=&#8220;on&#8220; button_text_size=&#8220;14px&#8220; button_border_color=&#8220;RGBA(255,255,255,0)&#8220; button_border_radius=&#8220;0px&#8220; button_icon=&#8220;&#x3d;||divi||400&#8243; button_icon_placement=&#8220;left&#8220; button_on_hover=&#8220;off&#8220; custom_padding=&#8220;0px||20px||false|false&#8220; locked=&#8220;off&#8220; global_colors_info=&#8220;{}&#8220;][\/et_pb_button][\/et_pb_column][\/et_pb_row][\/et_pb_section]<\/p>\n","protected":false},"excerpt":{"rendered":"<p>curli \u2013 VERSPRECHENKompetenz und Pr\u00e4zision auf die man sich verlassen kannVERTRAUEN BIS INS KLEINSTE DETAILWir bei curli haben einen geschulten Blick f\u00fcrs Detail und \u00fcberlassen nichts dem Zufall. Basierend auf unserem Wissen aus dem Bergsport und unserer Erfahrung als Harness Specialists entwickeln wir curli Geschirre mit Fokus auf optimale Ergonomie, leistungsstarke Funktionalit\u00e4t, optimale Performance und [&hellip;]<\/p>\n","protected":false},"author":2,"featured_media":0,"parent":23225757,"menu_order":0,"comment_status":"closed","ping_status":"closed","template":"","meta":{"_acf_changed":false,"_et_pb_use_builder":"on","_et_pb_old_content":"","_et_gb_content_width":"","footnotes":""},"class_list":["post-23225718","page","type-page","status-publish","hentry"],"acf":[],"yoast_head":"<!-- This site is optimized with the Yoast SEO plugin v24.6 - https:\/\/yoast.com\/wordpress\/plugins\/seo\/ -->\n<title>curli Brand Story \u2013 Versprechen<\/title>\n<meta name=\"description\" content=\"Trust down to the smallest detail: curli dog harnesses are designed with perfection for a perfect connection between you and your dog.\" \/>\n<meta name=\"robots\" content=\"index, follow, max-snippet:-1, max-image-preview:large, max-video-preview:-1\" \/>\n<link rel=\"canonical\" href=\"https:\/\/www.mycurli.com\/de\/magazin\/curli-brand-story-versprechen\/\" \/>\n<meta property=\"og:locale\" content=\"de_DE\" \/>\n<meta property=\"og:type\" content=\"article\" \/>\n<meta property=\"og:title\" content=\"curli Brand Story \u2013 Versprechen\" \/>\n<meta property=\"og:description\" content=\"Trust down to the smallest detail: curli dog harnesses are designed with perfection for a perfect connection between you and your dog.\" \/>\n<meta property=\"og:url\" content=\"https:\/\/www.mycurli.com\/de\/magazin\/curli-brand-story-versprechen\/\" \/>\n<meta property=\"og:site_name\" content=\"curli\" \/>\n<meta property=\"article:publisher\" content=\"https:\/\/www.facebook.com\/mycurli\" \/>\n<meta property=\"article:modified_time\" content=\"2023-11-03T10:18:25+00:00\" \/>\n<meta name=\"twitter:card\" content=\"summary_large_image\" \/>\n<meta name=\"twitter:site\" content=\"@mycurli\" \/>\n<meta name=\"twitter:label1\" content=\"Gesch\u00e4tzte Lesezeit\" \/>\n\t<meta name=\"twitter:data1\" content=\"3\u00a0Minuten\" \/>\n<script type=\"application\/ld+json\" class=\"yoast-schema-graph\">{\"@context\":\"https:\/\/schema.org\",\"@graph\":[{\"@type\":\"WebPage\",\"@id\":\"https:\/\/www.mycurli.com\/de\/magazin\/curli-brand-story-versprechen\/\",\"url\":\"https:\/\/www.mycurli.com\/de\/magazin\/curli-brand-story-versprechen\/\",\"name\":\"curli Brand Story \u2013 Versprechen\",\"isPartOf\":{\"@id\":\"https:\/\/www.mycurli.com\/de\/#website\"},\"datePublished\":\"2023-06-15T07:41:11+00:00\",\"dateModified\":\"2023-11-03T10:18:25+00:00\",\"description\":\"Trust down to the smallest detail: curli dog harnesses are designed with perfection for a perfect connection between you and your dog.\",\"breadcrumb\":{\"@id\":\"https:\/\/www.mycurli.com\/de\/magazin\/curli-brand-story-versprechen\/#breadcrumb\"},\"inLanguage\":\"de\",\"potentialAction\":[{\"@type\":\"ReadAction\",\"target\":[\"https:\/\/www.mycurli.com\/de\/magazin\/curli-brand-story-versprechen\/\"]}]},{\"@type\":\"BreadcrumbList\",\"@id\":\"https:\/\/www.mycurli.com\/de\/magazin\/curli-brand-story-versprechen\/#breadcrumb\",\"itemListElement\":[{\"@type\":\"ListItem\",\"position\":1,\"name\":\"Home\",\"item\":\"https:\/\/www.mycurli.com\/de\/\"},{\"@type\":\"ListItem\",\"position\":2,\"name\":\"Magazin\",\"item\":\"https:\/\/www.mycurli.com\/de\/magazin\/\"},{\"@type\":\"ListItem\",\"position\":3,\"name\":\"curli Brand Story \u2013 Versprechen\"}]},{\"@type\":\"WebSite\",\"@id\":\"https:\/\/www.mycurli.com\/de\/#website\",\"url\":\"https:\/\/www.mycurli.com\/de\/\",\"name\":\"curli\",\"description\":\"The Harness specialist from Switzerland\",\"potentialAction\":[{\"@type\":\"SearchAction\",\"target\":{\"@type\":\"EntryPoint\",\"urlTemplate\":\"https:\/\/www.mycurli.com\/de\/?s={search_term_string}\"},\"query-input\":{\"@type\":\"PropertyValueSpecification\",\"valueRequired\":true,\"valueName\":\"search_term_string\"}}],\"inLanguage\":\"de\"}]}<\/script>\n<!-- \/ Yoast SEO plugin. -->","yoast_head_json":{"title":"curli Brand Story \u2013 Versprechen","description":"Trust down to the smallest detail: curli dog harnesses are designed with perfection for a perfect connection between you and your dog.","robots":{"index":"index","follow":"follow","max-snippet":"max-snippet:-1","max-image-preview":"max-image-preview:large","max-video-preview":"max-video-preview:-1"},"canonical":"https:\/\/www.mycurli.com\/de\/magazin\/curli-brand-story-versprechen\/","og_locale":"de_DE","og_type":"article","og_title":"curli Brand Story \u2013 Versprechen","og_description":"Trust down to the smallest detail: curli dog harnesses are designed with perfection for a perfect connection between you and your dog.","og_url":"https:\/\/www.mycurli.com\/de\/magazin\/curli-brand-story-versprechen\/","og_site_name":"curli","article_publisher":"https:\/\/www.facebook.com\/mycurli","article_modified_time":"2023-11-03T10:18:25+00:00","twitter_card":"summary_large_image","twitter_site":"@mycurli","twitter_misc":{"Gesch\u00e4tzte Lesezeit":"3\u00a0Minuten"},"schema":{"@context":"https:\/\/schema.org","@graph":[{"@type":"WebPage","@id":"https:\/\/www.mycurli.com\/de\/magazin\/curli-brand-story-versprechen\/","url":"https:\/\/www.mycurli.com\/de\/magazin\/curli-brand-story-versprechen\/","name":"curli Brand Story \u2013 Versprechen","isPartOf":{"@id":"https:\/\/www.mycurli.com\/de\/#website"},"datePublished":"2023-06-15T07:41:11+00:00","dateModified":"2023-11-03T10:18:25+00:00","description":"Trust down to the smallest detail: curli dog harnesses are designed with perfection for a perfect connection between you and your dog.","breadcrumb":{"@id":"https:\/\/www.mycurli.com\/de\/magazin\/curli-brand-story-versprechen\/#breadcrumb"},"inLanguage":"de","potentialAction":[{"@type":"ReadAction","target":["https:\/\/www.mycurli.com\/de\/magazin\/curli-brand-story-versprechen\/"]}]},{"@type":"BreadcrumbList","@id":"https:\/\/www.mycurli.com\/de\/magazin\/curli-brand-story-versprechen\/#breadcrumb","itemListElement":[{"@type":"ListItem","position":1,"name":"Home","item":"https:\/\/www.mycurli.com\/de\/"},{"@type":"ListItem","position":2,"name":"Magazin","item":"https:\/\/www.mycurli.com\/de\/magazin\/"},{"@type":"ListItem","position":3,"name":"curli Brand Story \u2013 Versprechen"}]},{"@type":"WebSite","@id":"https:\/\/www.mycurli.com\/de\/#website","url":"https:\/\/www.mycurli.com\/de\/","name":"curli","description":"The Harness specialist from Switzerland","potentialAction":[{"@type":"SearchAction","target":{"@type":"EntryPoint","urlTemplate":"https:\/\/www.mycurli.com\/de\/?s={search_term_string}"},"query-input":{"@type":"PropertyValueSpecification","valueRequired":true,"valueName":"search_term_string"}}],"inLanguage":"de"}]}},"_links":{"self":[{"href":"https:\/\/www.mycurli.com\/de\/wp-json\/wp\/v2\/pages\/23225718","targetHints":{"allow":["GET"]}}],"collection":[{"href":"https:\/\/www.mycurli.com\/de\/wp-json\/wp\/v2\/pages"}],"about":[{"href":"https:\/\/www.mycurli.com\/de\/wp-json\/wp\/v2\/types\/page"}],"author":[{"embeddable":true,"href":"https:\/\/www.mycurli.com\/de\/wp-json\/wp\/v2\/users\/2"}],"replies":[{"embeddable":true,"href":"https:\/\/www.mycurli.com\/de\/wp-json\/wp\/v2\/comments?post=23225718"}],"version-history":[{"count":3,"href":"https:\/\/www.mycurli.com\/de\/wp-json\/wp\/v2\/pages\/23225718\/revisions"}],"predecessor-version":[{"id":23233266,"href":"https:\/\/www.mycurli.com\/de\/wp-json\/wp\/v2\/pages\/23225718\/revisions\/23233266"}],"up":[{"embeddable":true,"href":"https:\/\/www.mycurli.com\/de\/wp-json\/wp\/v2\/pages\/23225757"}],"wp:attachment":[{"href":"https:\/\/www.mycurli.com\/de\/wp-json\/wp\/v2\/media?parent=23225718"}],"curies":[{"name":"wp","href":"https:\/\/api.w.org\/{rel}","templated":true}]}}