{"id":23225698,"date":"2023-06-15T08:29:51","date_gmt":"2023-06-15T06:29:51","guid":{"rendered":"https:\/\/www.mycurli.com\/curli-brand-story-unsere-herkunft\/"},"modified":"2023-11-15T15:20:18","modified_gmt":"2023-11-15T13:20:18","slug":"curli-brand-story-unsere-herkunft","status":"publish","type":"page","link":"https:\/\/www.mycurli.com\/de\/magazin\/curli-brand-story-unsere-herkunft\/","title":{"rendered":"curli Brand Story \u2013 Unsere Herkunft"},"content":{"rendered":"<p>[et_pb_section fb_built=&#8220;1&#8243; custom_padding_last_edited=&#8220;off|desktop&#8220; admin_label=&#8220;Overlay Buttons Shopfinder &#038; Instagram&#8220; module_id=&#8220;section-overlay-buttons&#8220; _builder_version=&#8220;4.22.2&#8243; _module_preset=&#8220;default&#8220; custom_padding=&#8220;0px||0px||false|false&#8220; custom_css_main_element=&#8220;padding:0&#8243; saved_tabs=&#8220;all&#8220; locked=&#8220;off&#8220; collapsed=&#8220;on&#8220; global_colors_info=&#8220;{}&#8220;][et_pb_row admin_label=&#8220;Overlay Buttons (Position)&#8220; module_id=&#8220;row-overlay-buttons&#8220; _builder_version=&#8220;4.21.0&#8243; _module_preset=&#8220;default&#8220; positioning=&#8220;fixed&#8220; position_origin_f=&#8220;bottom_right&#8220; vertical_offset=&#8220;10vh&#8220; horizontal_offset=&#8220;3vw&#8220; z_index=&#8220;999999&#8243; vertical_offset_tablet=&#8220;10vh&#8220; vertical_offset_phone=&#8220;10vh&#8220; vertical_offset_last_edited=&#8220;on|phone&#8220; horizontal_offset_tablet=&#8220;4vw&#8220; horizontal_offset_phone=&#8220;0.2vw&#8220; horizontal_offset_last_edited=&#8220;on|phone&#8220; width=&#8220;68px&#8220; max_width=&#8220;68px&#8220; custom_padding=&#8220;0px||0px||true|false&#8220; sticky_limit_top=&#8220;section&#8220; custom_css_main_element=&#8220;width:unset;&#8220; global_colors_info=&#8220;{}&#8220;][et_pb_column type=&#8220;4_4&#8243; module_id=&#8220;column-overlay-buttons&#8220; admin_label=&#8220;Overlay Buttons&#8220; _builder_version=&#8220;4.19.5&#8243; _module_preset=&#8220;default&#8220; global_colors_info=&#8220;{}&#8220;][et_pb_text admin_label=&#8220;icon bag&#8220; module_class=&#8220;curli-overlay-button&#8220; _builder_version=&#8220;4.21.0&#8243; _dynamic_attributes=&#8220;link_option_url&#8220; _module_preset=&#8220;default&#8220; background_color=&#8220;gcid-46094c9d-6805-4d81-a481-b0e9ae79c862&#8243; width=&#8220;60px&#8220; width_tablet=&#8220;&#8220; width_phone=&#8220;&#8220; width_last_edited=&#8220;on|desktop&#8220; height=&#8220;60px&#8220; height_tablet=&#8220;&#8220; height_phone=&#8220;&#8220; height_last_edited=&#8220;on|phone&#8220; custom_margin=&#8220;12px|6px|12px|6px|true|true&#8220; custom_margin_tablet=&#8220;&#8220; custom_margin_phone=&#8220;&#8220; custom_margin_last_edited=&#8220;on|desktop&#8220; custom_padding_tablet=&#8220;&#8220; custom_padding_phone=&#8220;&#8220; custom_padding_last_edited=&#8220;on|phone&#8220; link_option_url=&#8220;@ET-DC@eyJkeW5hbWljIjp0cnVlLCJjb250ZW50IjoicG9zdF9saW5rX3VybF9wYWdlIiwic2V0dGluZ3MiOnsicG9zdF9pZCI6Ijc0MyJ9fQ==@&#8220; link_option_url_new_window=&#8220;on&#8220; border_radii=&#8220;on|50%|50%|50%|50%&#8220; global_colors_info=&#8220;{%22gcid-46094c9d-6805-4d81-a481-b0e9ae79c862%22:%91%22background_color%22%93}&#8220;]<\/p>\n<p><i class=\"curli-glyphs icon-bag\"><\/i><\/p>\n<p>[\/et_pb_text][et_pb_text admin_label=&#8220;icon instagram&#8220; module_class=&#8220;curli-overlay-button&#8220; _builder_version=&#8220;4.21.0&#8243; _module_preset=&#8220;default&#8220; background_color=&#8220;gcid-46094c9d-6805-4d81-a481-b0e9ae79c862&#8243; width=&#8220;60px&#8220; height=&#8220;60px&#8220; custom_margin=&#8220;12px|6px|12px|6px|true|true&#8220; link_option_url=&#8220;https:\/\/www.instagram.com\/curli\/&#8220; link_option_url_new_window=&#8220;on&#8220; border_radii=&#8220;on|50%|50%|50%|50%&#8220; global_colors_info=&#8220;{%22gcid-46094c9d-6805-4d81-a481-b0e9ae79c862%22:%91%22background_color%22%93}&#8220;]<\/p>\n<p><i class=\"curli-glyphs icon-camera\"><\/i><\/p>\n<p>[\/et_pb_text][\/et_pb_column][\/et_pb_row][\/et_pb_section][et_pb_section fb_built=&#8220;1&#8243; admin_label=&#8220;Section Header Bild Hintergrund&#8220; _builder_version=&#8220;4.21.0&#8243; _module_preset=&#8220;default&#8220; background_image=&#8220;https:\/\/www.mycurli.com\/wp-content\/uploads\/2023\/06\/curli-Brand-Story.jpg&#8220; height=&#8220;70vh&#8220; custom_margin=&#8220;||||false|false&#8220; collapsed=&#8220;on&#8220; global_colors_info=&#8220;{}&#8220;][et_pb_row _builder_version=&#8220;4.21.0&#8243; _module_preset=&#8220;default&#8220; global_colors_info=&#8220;{}&#8220;][et_pb_column type=&#8220;4_4&#8243; _builder_version=&#8220;4.21.0&#8243; _module_preset=&#8220;default&#8220; global_colors_info=&#8220;{}&#8220;][et_pb_text admin_label=&#8220;Titel&#8220; _builder_version=&#8220;4.21.0&#8243; _module_preset=&#8220;default&#8220; text_text_color=&#8220;#FFFFFF&#8220; text_font_size=&#8220;32px&#8220; global_colors_info=&#8220;{}&#8220;]<\/p>\n<p>[\/et_pb_text][\/et_pb_column][\/et_pb_row][et_pb_row _builder_version=&#8220;4.21.0&#8243; _module_preset=&#8220;default&#8220; positioning=&#8220;absolute&#8220; position_origin_a=&#8220;bottom_center&#8220; vertical_offset=&#8220;-26px&#8220; z_index=&#8220;1&#8243; custom_margin=&#8220;0px||0px||true|false&#8220; custom_padding=&#8220;0px||0px||true|false&#8220; global_colors_info=&#8220;{}&#8220;][et_pb_column type=&#8220;4_4&#8243; _builder_version=&#8220;4.21.0&#8243; _module_preset=&#8220;default&#8220; global_colors_info=&#8220;{}&#8220;][et_pb_code admin_label=&#8220;Ge\u00e4nderte \u00dcberschrift&#8220; _builder_version=&#8220;4.21.0&#8243; _module_preset=&#8220;default&#8220; background_color=&#8220;#FFFFFF&#8220; width=&#8220;52px&#8220; module_alignment=&#8220;center&#8220; height=&#8220;52px&#8220; custom_margin=&#8220;||||false|false&#8220; custom_padding=&#8220;||||false|false&#8220; link_option_url=&#8220;#headline&#8220; custom_css_main_element=&#8220;display:flex;||align-items:center;||justify-content:center;||font-size:32px;&#8220; border_radii=&#8220;on|50%|50%|50%|50%&#8220; locked=&#8220;off&#8220; global_colors_info=&#8220;{}&#8220;]<i class=\"curli-glyphs icon-arrow_carrot-down\"><\/i>[\/et_pb_code][\/et_pb_column][\/et_pb_row][\/et_pb_section][et_pb_section fb_built=&#8220;1&#8243; _builder_version=&#8220;4.21.0&#8243; _module_preset=&#8220;default&#8220; custom_margin=&#8220;||||false|false&#8220; custom_padding=&#8220;10px||0px||false|false&#8220; collapsed=&#8220;on&#8220; global_colors_info=&#8220;{}&#8220;][et_pb_row _builder_version=&#8220;4.20.0&#8243; _module_preset=&#8220;default&#8220; global_colors_info=&#8220;{}&#8220;][et_pb_column type=&#8220;4_4&#8243; _builder_version=&#8220;4.20.0&#8243; _module_preset=&#8220;default&#8220; global_colors_info=&#8220;{}&#8220;][et_pb_text _builder_version=&#8220;4.21.0&#8243; _module_preset=&#8220;default&#8220; text_font=&#8220;||||||||&#8220; text_text_color=&#8220;gcid-82db9916-eee9-4861-b5d4-839ce08ece2e&#8220; locked=&#8220;off&#8220; global_colors_info=&#8220;{%22gcid-82db9916-eee9-4861-b5d4-839ce08ece2e%22:%91%22text_text_color%22%93}&#8220;]<\/p>\n<p>curli \u2013 URSPRUNG<\/p>\n<p>[\/et_pb_text][et_pb_text module_id=&#8220;headline&#8220; _builder_version=&#8220;4.23&#8243; _module_preset=&#8220;default&#8220; hover_enabled=&#8220;0&#8243; global_colors_info=&#8220;{}&#8220; sticky_enabled=&#8220;0&#8243;]<\/p>\n<h1>Die Hundegeschirr-Spezialisten aus der Schweiz<\/h1>\n<p>[\/et_pb_text][et_pb_text module_id=&#8220;headline&#8220; _builder_version=&#8220;4.21.0&#8243; _module_preset=&#8220;default&#8220; header_2_text_color=&#8220;#999999&#8243; header_2_font_size=&#8220;18px&#8220; global_colors_info=&#8220;{}&#8220;]<\/p>\n<h2>BRAND IDEE UND HERKUNFT<\/h2>\n<p>[\/et_pb_text][\/et_pb_column][\/et_pb_row][\/et_pb_section][et_pb_section fb_built=&#8220;1&#8243; _builder_version=&#8220;4.21.0&#8243; _module_preset=&#8220;default&#8220; custom_margin=&#8220;0px||||false|false&#8220; custom_padding=&#8220;0px||||false|false&#8220; collapsed=&#8220;on&#8220; global_colors_info=&#8220;{}&#8220;][et_pb_row column_structure=&#8220;1_2,1_2&#8243; _builder_version=&#8220;4.20.0&#8243; _module_preset=&#8220;default&#8220; global_colors_info=&#8220;{}&#8220;][et_pb_column type=&#8220;1_2&#8243; _builder_version=&#8220;4.20.0&#8243; _module_preset=&#8220;default&#8220; global_colors_info=&#8220;{}&#8220;][et_pb_text _builder_version=&#8220;4.21.0&#8243; _module_preset=&#8220;default&#8220; global_colors_info=&#8220;{}&#8220;]curli hat seinen Ursprung in den schweizer Bergen \u2013 genauer gesagt im professionellen Bergsport.<br \/>\nMark Zimmermann und Roland Primus, beide Mountain Specialist haben curli gegr\u00fcndet, um Ihr Wissen aus dem Bergsport in die Welt von Hunden und Hundehaltern zu \u00fcbertragen.<br \/>\nDas Ergebnis sind high-performance Hundegeschirre, die im allt\u00e4glichen Einsatz ein Maximum an Sicherheit, Funktionalit\u00e4t, Ergonomie, Leistung und Qualit\u00e4t bieten, auf die man sich verlassen kann.<\/p>\n<p>curli Geschirre und Leinen werden auf Grundlage fundierter Erfahrungswerte, neuesten wissenschaftlicher Erkenntnisse und neuester, anspruchvoller Fertigungsverfahren entwickelt.[\/et_pb_text][et_pb_image src=&#8220;https:\/\/www.mycurli.com\/wp-content\/uploads\/2023\/06\/curli-Brand-Story3.jpg&#8220; title_text=&#8220;curli-Brand-Story3&#8243; _builder_version=&#8220;4.21.0&#8243; _module_preset=&#8220;default&#8220; background_color=&#8220;RGBA(255,255,255,0)&#8220; global_colors_info=&#8220;{}&#8220;][\/et_pb_image][\/et_pb_column][et_pb_column type=&#8220;1_2&#8243; _builder_version=&#8220;4.20.0&#8243; _module_preset=&#8220;default&#8220; global_colors_info=&#8220;{}&#8220;][et_pb_image src=&#8220;https:\/\/www.mycurli.com\/wp-content\/uploads\/2023\/06\/curli-Brand-Story2.jpg&#8220; title_text=&#8220;curli-Brand-Story2&#8243; _builder_version=&#8220;4.21.0&#8243; _module_preset=&#8220;default&#8220; background_color=&#8220;RGBA(255,255,255,0)&#8220; global_colors_info=&#8220;{}&#8220;][\/et_pb_image][et_pb_text _builder_version=&#8220;4.21.0&#8243; _module_preset=&#8220;default&#8220; text_text_color=&#8220;#00b1eb&#8220; text_font_size=&#8220;22px&#8220; global_colors_info=&#8220;{}&#8220;]\u201eWer schonmal am Berg unterwegs war, weiss wie wichtig Vertrauen, verl\u00e4ssliches Equipment und gute Kommunikation sind.\u201c[\/et_pb_text][et_pb_text _builder_version=&#8220;4.21.0&#8243; _module_preset=&#8220;default&#8220; text_text_color=&#8220;#00b1eb&#8220; global_colors_info=&#8220;{}&#8220;]Roland Primus, curli CEO[\/et_pb_text][\/et_pb_column][\/et_pb_row][\/et_pb_section][et_pb_section fb_built=&#8220;1&#8243; _builder_version=&#8220;4.21.0&#8243; _module_preset=&#8220;default&#8220; background_image=&#8220;https:\/\/www.mycurli.com\/wp-content\/uploads\/2023\/06\/curli-Harness-Large-Dogs-20200510-516.jpg&#8220; height=&#8220;50vh&#8220; collapsed=&#8220;on&#8220; global_colors_info=&#8220;{}&#8220;][et_pb_row _builder_version=&#8220;4.20.0&#8243; _module_preset=&#8220;default&#8220; global_colors_info=&#8220;{}&#8220;][et_pb_column type=&#8220;4_4&#8243; _builder_version=&#8220;4.20.0&#8243; _module_preset=&#8220;default&#8220; global_colors_info=&#8220;{}&#8220;][et_pb_text _builder_version=&#8220;4.21.0&#8243; _module_preset=&#8220;default&#8220; text_text_color=&#8220;#FFFFFF&#8220; text_font_size=&#8220;32px&#8220; global_colors_info=&#8220;{}&#8220;]<\/p>\n<p>Lust auf mehr Insights und Stories?<\/p>\n<p>[\/et_pb_text][\/et_pb_column][\/et_pb_row][\/et_pb_section][et_pb_section fb_built=&#8220;1&#8243; _builder_version=&#8220;4.20.0&#8243; _module_preset=&#8220;default&#8220; collapsed=&#8220;on&#8220; global_colors_info=&#8220;{}&#8220;][et_pb_row column_structure=&#8220;1_2,1_2&#8243; _builder_version=&#8220;4.20.0&#8243; _module_preset=&#8220;default&#8220; global_colors_info=&#8220;{}&#8220;][et_pb_column type=&#8220;1_2&#8243; _builder_version=&#8220;4.20.0&#8243; _module_preset=&#8220;default&#8220; global_colors_info=&#8220;{}&#8220;][et_pb_image src=&#8220;https:\/\/www.mycurli.com\/wp-content\/uploads\/2023\/06\/Teaser-Brand-Story-Vision.jpg&#8220; title_text=&#8220;Teaser-Brand-Story-Vision&#8220; admin_label=&#8220;Image&#8220; _builder_version=&#8220;4.21.0&#8243; _module_preset=&#8220;default&#8220; background_color=&#8220;RGBA(255,255,255,0)&#8220; global_colors_info=&#8220;{}&#8220;][\/et_pb_image][et_pb_text _builder_version=&#8220;4.21.0&#8243; _module_preset=&#8220;default&#8220; text_font=&#8220;||||||||&#8220; text_text_color=&#8220;gcid-82db9916-eee9-4861-b5d4-839ce08ece2e&#8220; global_colors_info=&#8220;{%22gcid-82db9916-eee9-4861-b5d4-839ce08ece2e%22:%91%22text_text_color%22%93}&#8220;]<\/p>\n<p>curli VISION<\/p>\n<p>[\/et_pb_text][et_pb_text _builder_version=&#8220;4.21.0&#8243; _module_preset=&#8220;default&#8220; global_colors_info=&#8220;{}&#8220;]<\/p>\n<h3>F\u00fcr eine perfekte Verbindung<\/h3>\n<p>[\/et_pb_text][et_pb_text _builder_version=&#8220;4.21.0&#8243; _module_preset=&#8220;default&#8220; global_colors_info=&#8220;{}&#8220;]<\/p>\n<p>Hier gibt es mehr Infos zu unserer Vision und unserer Idee von einer perfekten Verbindung zwischen dir und deinem Hund.<\/p>\n<p>[\/et_pb_text][et_pb_button button_url=&#8220;https:\/\/www.mycurli.com\/de\/magazin\/curli-brand-story-vision\/&#8220; button_text=&#8220;LESEN&#8220; button_alignment=&#8220;right&#8220; _builder_version=&#8220;4.21.0&#8243; _module_preset=&#8220;default&#8220; custom_button=&#8220;on&#8220; button_text_size=&#8220;14px&#8220; button_border_color=&#8220;RGBA(255,255,255,0)&#8220; button_border_radius=&#8220;0px&#8220; button_icon=&#8220;&#x3d;||divi||400&#8243; button_icon_placement=&#8220;left&#8220; button_on_hover=&#8220;off&#8220; custom_padding=&#8220;0px||20px||false|false&#8220; locked=&#8220;off&#8220; global_colors_info=&#8220;{}&#8220;][\/et_pb_button][\/et_pb_column][et_pb_column type=&#8220;1_2&#8243; _builder_version=&#8220;4.20.0&#8243; _module_preset=&#8220;default&#8220; global_colors_info=&#8220;{}&#8220;][et_pb_image src=&#8220;https:\/\/www.mycurli.com\/wp-content\/uploads\/2023\/06\/Teaser-Brand-Story-Promise.jpg&#8220; title_text=&#8220;Teaser-Brand-Story-Promise&#8220; admin_label=&#8220;Image&#8220; _builder_version=&#8220;4.21.0&#8243; _module_preset=&#8220;default&#8220; background_color=&#8220;RGBA(255,255,255,0)&#8220; global_colors_info=&#8220;{}&#8220;][\/et_pb_image][et_pb_text _builder_version=&#8220;4.21.0&#8243; _module_preset=&#8220;default&#8220; text_font=&#8220;||||||||&#8220; text_text_color=&#8220;gcid-82db9916-eee9-4861-b5d4-839ce08ece2e&#8220; global_colors_info=&#8220;{%22gcid-82db9916-eee9-4861-b5d4-839ce08ece2e%22:%91%22text_text_color%22%93}&#8220;]<\/p>\n<p>curli VERSPRECHEN<\/p>\n<p>[\/et_pb_text][et_pb_text _builder_version=&#8220;4.21.0&#8243; _module_preset=&#8220;default&#8220; global_colors_info=&#8220;{}&#8220;]<\/p>\n<h3>Kompetenz und Pr\u00e4zision auf die man sich verlassen kann<\/h3>\n<p>[\/et_pb_text][et_pb_text _builder_version=&#8220;4.21.0&#8243; _module_preset=&#8220;default&#8220; global_colors_info=&#8220;{}&#8220;]<\/p>\n<p>Erfahren Sie, was curli zum Hunde-Geschirr-Spezialisten macht und in Sachen hochwertigen Hunde-Equioments zum Innovationsf\u00fchrer der Branche macht.<\/p>\n<p>[\/et_pb_text][et_pb_button button_url=&#8220;https:\/\/www.mycurli.com\/magazin\/curli-brand-story-promise\/&#8220; button_text=&#8220;LESEN&#8220; button_alignment=&#8220;right&#8220; _builder_version=&#8220;4.21.0&#8243; _module_preset=&#8220;default&#8220; custom_button=&#8220;on&#8220; button_text_size=&#8220;14px&#8220; button_border_color=&#8220;RGBA(255,255,255,0)&#8220; button_border_radius=&#8220;0px&#8220; button_icon=&#8220;&#x3d;||divi||400&#8243; button_icon_placement=&#8220;left&#8220; button_on_hover=&#8220;off&#8220; custom_padding=&#8220;0px||20px||false|false&#8220; locked=&#8220;off&#8220; global_colors_info=&#8220;{}&#8220;][\/et_pb_button][\/et_pb_column][\/et_pb_row][\/et_pb_section]<\/p>\n","protected":false},"excerpt":{"rendered":"<p>curli \u2013 URSPRUNGDie Hundegeschirr-Spezialisten aus der SchweizBRAND IDEE UND HERKUNFTcurli hat seinen Ursprung in den schweizer Bergen \u2013 genauer gesagt im professionellen Bergsport. Mark Zimmermann und Roland Primus, beide Mountain Specialist haben curli gegr\u00fcndet, um Ihr Wissen aus dem Bergsport in die Welt von Hunden und Hundehaltern zu \u00fcbertragen. Das Ergebnis sind high-performance Hundegeschirre, die [&hellip;]<\/p>\n","protected":false},"author":2,"featured_media":0,"parent":23225757,"menu_order":0,"comment_status":"closed","ping_status":"closed","template":"","meta":{"_acf_changed":false,"_et_pb_use_builder":"on","_et_pb_old_content":"","_et_gb_content_width":"","footnotes":""},"class_list":["post-23225698","page","type-page","status-publish","hentry"],"acf":[],"yoast_head":"<!-- This site is optimized with the Yoast SEO plugin v24.6 - https:\/\/yoast.com\/wordpress\/plugins\/seo\/ -->\n<title>curli Brand Story \u2013 Unsere Herkunft<\/title>\n<meta name=\"description\" content=\"curli the Harness Specialists from Switzerland origins are mountain sports. Expert knowledge is transferred to high-end dog harnesses.\" \/>\n<meta name=\"robots\" content=\"index, follow, max-snippet:-1, max-image-preview:large, max-video-preview:-1\" \/>\n<link rel=\"canonical\" href=\"https:\/\/www.mycurli.com\/de\/magazin\/curli-brand-story-unsere-herkunft\/\" \/>\n<meta property=\"og:locale\" content=\"de_DE\" \/>\n<meta property=\"og:type\" content=\"article\" \/>\n<meta property=\"og:title\" content=\"curli Brand Story \u2013 Unsere Herkunft\" \/>\n<meta property=\"og:description\" content=\"curli the Harness Specialists from Switzerland origins are mountain sports. Expert knowledge is transferred to high-end dog harnesses.\" \/>\n<meta property=\"og:url\" content=\"https:\/\/www.mycurli.com\/de\/magazin\/curli-brand-story-unsere-herkunft\/\" \/>\n<meta property=\"og:site_name\" content=\"curli\" \/>\n<meta property=\"article:publisher\" content=\"https:\/\/www.facebook.com\/mycurli\" \/>\n<meta property=\"article:modified_time\" content=\"2023-11-15T13:20:18+00:00\" \/>\n<meta name=\"twitter:card\" content=\"summary_large_image\" \/>\n<meta name=\"twitter:site\" content=\"@mycurli\" \/>\n<meta name=\"twitter:label1\" content=\"Gesch\u00e4tzte Lesezeit\" \/>\n\t<meta name=\"twitter:data1\" content=\"3\u00a0Minuten\" \/>\n<script type=\"application\/ld+json\" class=\"yoast-schema-graph\">{\"@context\":\"https:\/\/schema.org\",\"@graph\":[{\"@type\":\"WebPage\",\"@id\":\"https:\/\/www.mycurli.com\/de\/magazin\/curli-brand-story-unsere-herkunft\/\",\"url\":\"https:\/\/www.mycurli.com\/de\/magazin\/curli-brand-story-unsere-herkunft\/\",\"name\":\"curli Brand Story \u2013 Unsere Herkunft\",\"isPartOf\":{\"@id\":\"https:\/\/www.mycurli.com\/de\/#website\"},\"datePublished\":\"2023-06-15T06:29:51+00:00\",\"dateModified\":\"2023-11-15T13:20:18+00:00\",\"description\":\"curli the Harness Specialists from Switzerland origins are mountain sports. Expert knowledge is transferred to high-end dog harnesses.\",\"breadcrumb\":{\"@id\":\"https:\/\/www.mycurli.com\/de\/magazin\/curli-brand-story-unsere-herkunft\/#breadcrumb\"},\"inLanguage\":\"de\",\"potentialAction\":[{\"@type\":\"ReadAction\",\"target\":[\"https:\/\/www.mycurli.com\/de\/magazin\/curli-brand-story-unsere-herkunft\/\"]}]},{\"@type\":\"BreadcrumbList\",\"@id\":\"https:\/\/www.mycurli.com\/de\/magazin\/curli-brand-story-unsere-herkunft\/#breadcrumb\",\"itemListElement\":[{\"@type\":\"ListItem\",\"position\":1,\"name\":\"Home\",\"item\":\"https:\/\/www.mycurli.com\/de\/\"},{\"@type\":\"ListItem\",\"position\":2,\"name\":\"Magazin\",\"item\":\"https:\/\/www.mycurli.com\/de\/magazin\/\"},{\"@type\":\"ListItem\",\"position\":3,\"name\":\"curli Brand Story \u2013 Unsere Herkunft\"}]},{\"@type\":\"WebSite\",\"@id\":\"https:\/\/www.mycurli.com\/de\/#website\",\"url\":\"https:\/\/www.mycurli.com\/de\/\",\"name\":\"curli\",\"description\":\"The Harness specialist from Switzerland\",\"potentialAction\":[{\"@type\":\"SearchAction\",\"target\":{\"@type\":\"EntryPoint\",\"urlTemplate\":\"https:\/\/www.mycurli.com\/de\/?s={search_term_string}\"},\"query-input\":{\"@type\":\"PropertyValueSpecification\",\"valueRequired\":true,\"valueName\":\"search_term_string\"}}],\"inLanguage\":\"de\"}]}<\/script>\n<!-- \/ Yoast SEO plugin. -->","yoast_head_json":{"title":"curli Brand Story \u2013 Unsere Herkunft","description":"curli the Harness Specialists from Switzerland origins are mountain sports. Expert knowledge is transferred to high-end dog harnesses.","robots":{"index":"index","follow":"follow","max-snippet":"max-snippet:-1","max-image-preview":"max-image-preview:large","max-video-preview":"max-video-preview:-1"},"canonical":"https:\/\/www.mycurli.com\/de\/magazin\/curli-brand-story-unsere-herkunft\/","og_locale":"de_DE","og_type":"article","og_title":"curli Brand Story \u2013 Unsere Herkunft","og_description":"curli the Harness Specialists from Switzerland origins are mountain sports. Expert knowledge is transferred to high-end dog harnesses.","og_url":"https:\/\/www.mycurli.com\/de\/magazin\/curli-brand-story-unsere-herkunft\/","og_site_name":"curli","article_publisher":"https:\/\/www.facebook.com\/mycurli","article_modified_time":"2023-11-15T13:20:18+00:00","twitter_card":"summary_large_image","twitter_site":"@mycurli","twitter_misc":{"Gesch\u00e4tzte Lesezeit":"3\u00a0Minuten"},"schema":{"@context":"https:\/\/schema.org","@graph":[{"@type":"WebPage","@id":"https:\/\/www.mycurli.com\/de\/magazin\/curli-brand-story-unsere-herkunft\/","url":"https:\/\/www.mycurli.com\/de\/magazin\/curli-brand-story-unsere-herkunft\/","name":"curli Brand Story \u2013 Unsere Herkunft","isPartOf":{"@id":"https:\/\/www.mycurli.com\/de\/#website"},"datePublished":"2023-06-15T06:29:51+00:00","dateModified":"2023-11-15T13:20:18+00:00","description":"curli the Harness Specialists from Switzerland origins are mountain sports. Expert knowledge is transferred to high-end dog harnesses.","breadcrumb":{"@id":"https:\/\/www.mycurli.com\/de\/magazin\/curli-brand-story-unsere-herkunft\/#breadcrumb"},"inLanguage":"de","potentialAction":[{"@type":"ReadAction","target":["https:\/\/www.mycurli.com\/de\/magazin\/curli-brand-story-unsere-herkunft\/"]}]},{"@type":"BreadcrumbList","@id":"https:\/\/www.mycurli.com\/de\/magazin\/curli-brand-story-unsere-herkunft\/#breadcrumb","itemListElement":[{"@type":"ListItem","position":1,"name":"Home","item":"https:\/\/www.mycurli.com\/de\/"},{"@type":"ListItem","position":2,"name":"Magazin","item":"https:\/\/www.mycurli.com\/de\/magazin\/"},{"@type":"ListItem","position":3,"name":"curli Brand Story \u2013 Unsere Herkunft"}]},{"@type":"WebSite","@id":"https:\/\/www.mycurli.com\/de\/#website","url":"https:\/\/www.mycurli.com\/de\/","name":"curli","description":"The Harness specialist from Switzerland","potentialAction":[{"@type":"SearchAction","target":{"@type":"EntryPoint","urlTemplate":"https:\/\/www.mycurli.com\/de\/?s={search_term_string}"},"query-input":{"@type":"PropertyValueSpecification","valueRequired":true,"valueName":"search_term_string"}}],"inLanguage":"de"}]}},"_links":{"self":[{"href":"https:\/\/www.mycurli.com\/de\/wp-json\/wp\/v2\/pages\/23225698","targetHints":{"allow":["GET"]}}],"collection":[{"href":"https:\/\/www.mycurli.com\/de\/wp-json\/wp\/v2\/pages"}],"about":[{"href":"https:\/\/www.mycurli.com\/de\/wp-json\/wp\/v2\/types\/page"}],"author":[{"embeddable":true,"href":"https:\/\/www.mycurli.com\/de\/wp-json\/wp\/v2\/users\/2"}],"replies":[{"embeddable":true,"href":"https:\/\/www.mycurli.com\/de\/wp-json\/wp\/v2\/comments?post=23225698"}],"version-history":[{"count":6,"href":"https:\/\/www.mycurli.com\/de\/wp-json\/wp\/v2\/pages\/23225698\/revisions"}],"predecessor-version":[{"id":23233518,"href":"https:\/\/www.mycurli.com\/de\/wp-json\/wp\/v2\/pages\/23225698\/revisions\/23233518"}],"up":[{"embeddable":true,"href":"https:\/\/www.mycurli.com\/de\/wp-json\/wp\/v2\/pages\/23225757"}],"wp:attachment":[{"href":"https:\/\/www.mycurli.com\/de\/wp-json\/wp\/v2\/media?parent=23225698"}],"curies":[{"name":"wp","href":"https:\/\/api.w.org\/{rel}","templated":true}]}}